{"id":3142,"date":"2016-03-31T11:28:35","date_gmt":"2016-03-31T11:28:35","guid":{"rendered":"http:\/\/ninzio.com\/focuson\/?page_id=3142"},"modified":"2018-10-01T08:17:30","modified_gmt":"2018-10-01T08:17:30","slug":"about-us","status":"publish","type":"page","link":"https:\/\/kayagrouptower.com.tr\/?page_id=3142","title":{"rendered":"Hakk\u0131m\u0131zda"},"content":{"rendered":"<p>[vc_row padding_top=&#8221;100&#8243; padding_bottom=&#8221;25&#8243;][vc_column]<div class=\"nz-tabs  horizontal full-true\"><div data-target=\"tab-tarihce\" class=\"tab\"><span class=\"icon-trophy2\"><\/span>TAR\u0130H\u00c7E<\/div><div id=\"tab-tarihce\" class=\"tab-content\"><img loading=\"lazy\" class=\"size-medium wp-image-3880 alignleft\" src=\"http:\/\/kayagrouptower.com.tr\/wp-content\/uploads\/2016\/03\/logo-kaya-grup-300x138.jpg\" alt=\"logolar.cdr\" width=\"300\" height=\"138\" srcset=\"https:\/\/kayagrouptower.com.tr\/wp-content\/uploads\/2016\/03\/logo-kaya-grup-300x138.jpg 300w, https:\/\/kayagrouptower.com.tr\/wp-content\/uploads\/2016\/03\/logo-kaya-grup-768x353.jpg 768w, https:\/\/kayagrouptower.com.tr\/wp-content\/uploads\/2016\/03\/logo-kaya-grup-1024x471.jpg 1024w, https:\/\/kayagrouptower.com.tr\/wp-content\/uploads\/2016\/03\/logo-kaya-grup.jpg 1470w\" sizes=\"(max-width: 300px) 100vw, 300px\" \/><span style=\"font-size: 16px; line-height: 24px;\">\u015eirketimizin kurucusu olan Kaya ailesi hedeflerini belirlerken\u00a0 aile fertleri olarak nitelendirdi\u011fi her \u015firketin do\u011fumundan\u00a0 evlili\u011fine kadar\u00a0olan t\u00fcm kamusal ba\u011flar\u0131n temelinde inan\u00e7 &#8211; hizmet a\u015fk\u0131-ticaret ahlak\u0131n\u0131 &#8211; ve en \u00f6nemlisi\u00a0insani de\u011fer yarg\u0131lar\u0131n\u0131 \u00f6n planda tutmak kayd\u0131yla bilin\u00e7li-sab\u0131rl\u0131 -vicdanl\u0131 -zeki ve \u00e7al\u0131\u015fkan, \u00e7al\u0131\u015fma arkada\u015flar\u0131yla ekip \u00e7al\u0131\u015fmalar\u0131n\u0131 y\u00fcr\u00fctmektedir.<\/span><\/p>\n<p><span style=\"font-size: 16px; line-height: 24px;\">Faaliyetlerini T\u00fcrkiye\u2018nin her noktas\u0131na ta\u015f\u0131mak hizmetin verimlili\u011fi-kalitesini\u2013samimiyetini hissettirecek sistemler kurmaya \u00e7al\u0131\u015fm\u0131\u015ft\u0131r.<\/span><\/p>\n<p>\n\t\t\t<\/div> <div data-target=\"tab-vizyonumuz\" class=\"tab\"><span class=\"icon-leaf2\"><\/span>V\u0130ZYONUMUZ<\/div><div id=\"tab-vizyonumuz\" class=\"tab-content\"><img loading=\"lazy\" class=\"size-medium wp-image-3699 alignright\" src=\"http:\/\/kayagrouptower.com.tr\/wp-content\/uploads\/2016\/11\/hizmetler_ust_1-300x259.jpg\" alt=\"hizmetler_ust_1\" width=\"300\" height=\"259\" srcset=\"https:\/\/kayagrouptower.com.tr\/wp-content\/uploads\/2016\/11\/hizmetler_ust_1-300x259.jpg 300w, https:\/\/kayagrouptower.com.tr\/wp-content\/uploads\/2016\/11\/hizmetler_ust_1.jpg 440w\" sizes=\"(max-width: 300px) 100vw, 300px\" \/><span style=\"font-size: 16px; line-height: 24px;\">Faaliyet alan\u0131ndaki hedef kitlenin\u00a0 beklentilerini istikrarl\u0131 kalite anlay\u0131\u015f\u0131 ile kar\u015f\u0131layarak, de\u011fer yaratmay\u0131 esas alan kurumsal yap\u0131m\u0131z m\u00fc\u015fteri odakl\u0131 \u00e7al\u0131\u015fma stratejimiz ve rekabet\u00e7i b\u00fcy\u00fcme potansiyelimiz ile &#8220;en iyi&#8221; \u015fekilde de\u011ferleri y\u00f6netmek.<\/span>\n\t\t\t<\/div> <div data-target=\"tab-misyonumuz\" class=\"tab\"><span class=\"icon-cog3\"><\/span>m\u0130SYONUMUZ<\/div><div id=\"tab-misyonumuz\" class=\"tab-content\"><span style=\"font-size: 16px;\">\u00dcstlendi\u011fi g\u00f6revlerde farkl\u0131l\u0131klar yaratarak, kal\u0131c\u0131 eserler yaratma hedefi ile kalite ve uygulama s\u00fcresi a\u00e7\u0131s\u0131ndan \u00fcst\u00fcn ba\u015far\u0131 ile y\u00fcr\u00fcten bir i\u015fletme olma \u00f6zelli\u011fimizi korurken, \u00dclkemiz ekonomisine katk\u0131m\u0131z\u0131 s\u00fcrekli olarak artt\u0131rmaktay\u0131z.<br \/>\nFaaliyet alanlar\u0131m\u0131zda ; G\u00fcvenirlilik, verimlilik ve kalite.<br \/>\nAyr\u0131ca; \u00e7al\u0131\u015fanlar\u0131m\u0131z\u00a0 i\u00e7in\u00a0 de uluslararas\u0131 standartlara\u00a0 uyan T\u00fcrkiye&#8217;nin en g\u00fcvenilir \u015firketleri aras\u0131nda yer alma hedefi ve bilinci ile \u00e7al\u0131\u015fmalar\u0131m\u0131z\u0131 s\u00fcrd\u00fcrmekteyiz.<\/span>\n\t\t\t<\/div> <\/div> [\/vc_column][\/vc_row][vc_row background_color=&#8221;#333333&#8243; background_image=&#8221;3082&#8243; padding_top=&#8221;120&#8243; padding_bottom=&#8221;75&#8243; parallax=&#8221;true&#8221;][vc_column margin_b=&#8221;false&#8221;]<div id=\"nz-circle-progress-1\" class=\"nz-circle-progress nz-clearfix center\"><div class=\"nz-circle\"><div class=\"circle\" data-bar=\"#90c847\" data-track=\"rgba(255,255,255,0.18)\" data-percent=\"80\"><span class=\"title icon icon-user7\" style=\"color:#ffffff;\"><\/span><\/div><div class=\"circle-data\"><\/p>\n<h3 style=\"text-align: center; color: #ffffff; font-size: 16px; line-height: 26px;\">Personel Say\u0131s\u0131<\/h3>\n<p><\/div><\/div><div class=\"nz-circle\"><div class=\"circle\" data-bar=\"#90c847\" data-track=\"rgba(255,255,255,0.18)\" data-percent=\"65\"><span class=\"title icon icon-heart5\" style=\"color:#ffffff;\"><\/span><\/div><div class=\"circle-data\"><\/p>\n<h3 style=\"text-align: center; color: #ffffff; font-size: 16px; line-height: 26px;\">Hizmet Verdi\u011fimiz Kurum<\/h3>\n<p><\/div><\/div><div class=\"nz-circle\"><div class=\"circle\" data-bar=\"#90c847\" data-track=\"rgba(255,255,255,0.18)\" data-percent=\"90\"><span class=\"title icon icon-thumbsup\" style=\"color:#ffffff;\"><\/span><\/div><div class=\"circle-data\"><\/p>\n<h3 style=\"text-align: center; color: #ffffff; font-size: 16px; line-height: 26px;\">Bitmi\u015f Projeler<\/h3>\n<p><\/div><\/div><div class=\"nz-circle\"><div class=\"circle\" data-bar=\"#90c847\" data-track=\"rgba(255,255,255,0.18)\" data-percent=\"65\"><span class=\"title icon icon-bell2\" style=\"color:#ffffff;\"><\/span><\/div><div class=\"circle-data\"><\/p>\n<h3 style=\"text-align: center; color: #ffffff; font-size: 16px; line-height: 26px;\">Devam eden Projeler<\/h3>\n<p><\/div><\/div><\/div>[\/vc_column][\/vc_row]<\/p>\n","protected":false},"excerpt":{"rendered":"<p>Claritas est etiam processus dynamicus, qui sequitur mutationem consuetudium lectorum. Mirum est notare quam littera gothica, quam nunc putamus parum claram, anteposuerit litterarum formas humanitatis per seacula quarta decima et quinta decima. Eodem modo typi, qui nunc nobis videntur parum clari, fiant sollemnes in futurum.<\/p>\n","protected":false},"author":1,"featured_media":0,"parent":0,"menu_order":0,"comment_status":"closed","ping_status":"closed","template":"page-vc.php","meta":[],"_links":{"self":[{"href":"https:\/\/kayagrouptower.com.tr\/index.php?rest_route=\/wp\/v2\/pages\/3142"}],"collection":[{"href":"https:\/\/kayagrouptower.com.tr\/index.php?rest_route=\/wp\/v2\/pages"}],"about":[{"href":"https:\/\/kayagrouptower.com.tr\/index.php?rest_route=\/wp\/v2\/types\/page"}],"author":[{"embeddable":true,"href":"https:\/\/kayagrouptower.com.tr\/index.php?rest_route=\/wp\/v2\/users\/1"}],"replies":[{"embeddable":true,"href":"https:\/\/kayagrouptower.com.tr\/index.php?rest_route=%2Fwp%2Fv2%2Fcomments&post=3142"}],"version-history":[{"count":8,"href":"https:\/\/kayagrouptower.com.tr\/index.php?rest_route=\/wp\/v2\/pages\/3142\/revisions"}],"predecessor-version":[{"id":3888,"href":"https:\/\/kayagrouptower.com.tr\/index.php?rest_route=\/wp\/v2\/pages\/3142\/revisions\/3888"}],"wp:attachment":[{"href":"https:\/\/kayagrouptower.com.tr\/index.php?rest_route=%2Fwp%2Fv2%2Fmedia&parent=3142"}],"curies":[{"name":"wp","href":"https:\/\/api.w.org\/{rel}","templated":true}]}}