{"id":3172,"date":"2016-03-31T11:55:39","date_gmt":"2016-03-31T11:55:39","guid":{"rendered":"http:\/\/ninzio.com\/focuson\/?page_id=3172"},"modified":"2016-12-16T11:18:44","modified_gmt":"2016-12-16T11:18:44","slug":"contact-form","status":"publish","type":"page","link":"https:\/\/kayagrouptower.com.tr\/?page_id=3172","title":{"rendered":"\u0130leti\u015fim"},"content":{"rendered":"<p>[vc_row padding_top=&#8221;70&#8243; padding_bottom=&#8221;70&#8243;][vc_column margin_b=&#8221;false&#8221;][vc_column_text]<iframe loading=\"lazy\" style=\"border: 0;\" src=\"https:\/\/www.google.com\/maps\/embed?pb=!1m14!1m8!1m3!1d6120.625223875063!2d32.811588813491724!3d39.91201984487339!3m2!1i1024!2i768!4f13.1!3m3!1m2!1s0x0%3A0x9ef3e1957b025555!2sNext+Level!5e0!3m2!1str!2str!4v1480420829327\" width=\"1024\" height=\"450\" frameborder=\"0\" allowfullscreen=\"allowfullscreen\"><\/iframe>[\/vc_column_text][\/vc_column][\/vc_row][vc_row padding_top=&#8221;0&#8243; padding_bottom=&#8221;70&#8243;][vc_column width=&#8221;1\/2&#8243;][vc_custom_heading text=&#8221;Bize Ula\u015f\u0131n&#8221; font_container=&#8221;tag:h2|font_size:28px|text_align:left|line_height:38px&#8221; use_theme_fonts=&#8221;yes&#8221;]<div class='gap nz-clearfix' style='height:10px'>&nbsp;<\/div>[vc_column_text]Bizimle \u0130lgili, g\u00f6r\u00fc\u015f, \u00f6neri ve d\u00fc\u015f\u00fcncelerinizi bizimle payla\u015fabilirsiniz. Sizin g\u00f6r\u00fc\u015flerinizle daha g\u00fc\u00e7l\u00fcy\u00fcz.[\/vc_column_text]<div class=\"sep-wrap left nz-clearfix\"><div class=\"nz-separator solid\" style=\"border-bottom-color:#eeeeee;width:100px;border-bottom-width:1px;border-bottom-style:solid;margin-top:20px;margin-bottom:1px;\">&nbsp;<\/div><\/div><div class=\"sep-wrap left nz-clearfix\"><div class=\"nz-separator solid\" style=\"border-bottom-color:#eeeeee;width:100px;border-bottom-width:1px;border-bottom-style:solid;margin-bottom:40px;\">&nbsp;<\/div><\/div>[vc_row_inner][vc_column_inner width=&#8221;1\/2&#8243;][vc_column_text]<span class=\"nz-icon none small icon-phone animate-false\" style=\"color:#9e9e9e;\"><\/span> <span style=\"font-size: 18px;\">0312 210 1958<\/span>[\/vc_column_text]<div class='gap nz-clearfix' style='height:5px'>&nbsp;<\/div>[vc_column_text]<span class=\"nz-icon none small icon-mail6 animate-false\" style=\"color:#9e9e9e;\"><\/span>\u00a0<span style=\"color: #9e9e9e; font-size: 18px; line-height: 28px;\">info@kayagrouptower.com.tr<\/span>[\/vc_column_text]<div class='gap nz-clearfix' style='height:5px'>&nbsp;<\/div>[vc_column_text]<span class=\"nz-icon none small icon-earth2 animate-false\" style=\"color:#9e9e9e;\"><\/span>\u00a0<span style=\"color: #9e9e9e; font-size: 18px; line-height: 28px;\">www.info@kayagrouptower.com.tr<\/span>[\/vc_column_text]<div class='gap nz-clearfix' style='height:5px'>&nbsp;<\/div>[vc_column_text]<span class=\"nz-icon none small icon-skype2 animate-false\" style=\"color:#9e9e9e;\"><\/span> <span style=\"color: #9e9e9e; font-size: 18px; line-height: 28px;\">kayagrouptower_skype<\/span>[\/vc_column_text]<div class='gap nz-clearfix' style='height:25px'>&nbsp;<\/div>[\/vc_column_inner][vc_column_inner width=&#8221;1\/2&#8243;][vc_column_text]<b>KIZILIRMAK<\/b><b> MAHALLES\u0130 DUMLUPINAR BULVARI\u00a0<\/b>[\/vc_column_text]<div class='gap nz-clearfix' style='height:5px'>&nbsp;<\/div>[vc_column_text]NEXT LEVEL NO: 3A \/ 84[\/vc_column_text]<div class='gap nz-clearfix' style='height:5px'>&nbsp;<\/div>[vc_column_text]\u00c7ankaya\/ANKARA[\/vc_column_text]<div class='gap nz-clearfix' style='height:5px'>&nbsp;<\/div>[vc_column_text]<a href=\"https:\/\/www.google.com.tr\/maps\/place\/Next+Level\/@39.9120198,32.8115888,16z\/data=!4m12!1m6!3m5!1s0x0:0x9ef3e1957b025555!2sNext+Level!8m2!3d39.911559!4d32.811621!3m4!1s0x0:0x9ef3e1957b025555!8m2!3d39.911559!4d32.811621\">Lokasyona Gidin<\/a>[\/vc_column_text][\/vc_column_inner][\/vc_row_inner]<div class=\"sep-wrap left nz-clearfix\"><div class=\"nz-separator solid\" style=\"border-bottom-color:#eeeeee;width:100px;border-bottom-width:1px;border-bottom-style:solid;margin-top:25px;margin-bottom:1px;\">&nbsp;<\/div><\/div><div class=\"sep-wrap left nz-clearfix\"><div class=\"nz-separator solid\" style=\"border-bottom-color:#eeeeee;width:100px;border-bottom-width:1px;border-bottom-style:solid;margin-bottom:40px;\">&nbsp;<\/div><\/div><div class=\"nz-sl social-links nz-clearfix left\"><a class=\"icon-facebook\" href=\"http:\/\/facebook.com\" target=\"_self\" ><\/a><a class=\"icon-twitter\" href=\"http:\/\/twitter.com\" target=\"_self\" ><\/a><a class=\"icon-youtube\" href=\"http:\/\/youtube.com\" target=\"_self\" ><\/a><a class=\"icon-linkedin\" href=\"http:\/\/linkedin.com\" target=\"_self\" ><\/a><a class=\"icon-envelope\" href=\"mailto:support@ninzio.com\" target=\"_self\" ><\/a><\/div>[\/vc_column][vc_column width=&#8221;1\/2&#8243;]<div role=\"form\" class=\"wpcf7\" id=\"wpcf7-f5-o1\" lang=\"tr-TR\" dir=\"ltr\">\n<div class=\"screen-reader-response\"><p role=\"status\" aria-live=\"polite\" aria-atomic=\"true\"><\/p> <ul><\/ul><\/div>\n<form action=\"\/index.php?rest_route=%2Fwp%2Fv2%2Fpages%2F3172#wpcf7-f5-o1\" method=\"post\" class=\"wpcf7-form init\" novalidate=\"novalidate\" data-status=\"init\">\n<div style=\"display: none;\">\n<input type=\"hidden\" name=\"_wpcf7\" value=\"5\" \/>\n<input type=\"hidden\" name=\"_wpcf7_version\" value=\"5.4.2\" \/>\n<input type=\"hidden\" name=\"_wpcf7_locale\" value=\"tr_TR\" \/>\n<input type=\"hidden\" name=\"_wpcf7_unit_tag\" value=\"wpcf7-f5-o1\" \/>\n<input type=\"hidden\" name=\"_wpcf7_container_post\" value=\"0\" \/>\n<input type=\"hidden\" name=\"_wpcf7_posted_data_hash\" value=\"\" \/>\n<\/div>\n<p><label> Ad\u0131n\u0131z<br \/>\n    <span class=\"wpcf7-form-control-wrap your-name\"><input type=\"text\" name=\"your-name\" value=\"\" size=\"40\" class=\"wpcf7-form-control wpcf7-text wpcf7-validates-as-required\" aria-required=\"true\" aria-invalid=\"false\" \/><\/span> <\/label><\/p>\n<p><label> Mailiniz<br \/>\n    <span class=\"wpcf7-form-control-wrap your-email\"><input type=\"email\" name=\"your-email\" value=\"\" size=\"40\" class=\"wpcf7-form-control wpcf7-text wpcf7-email wpcf7-validates-as-required wpcf7-validates-as-email\" aria-required=\"true\" aria-invalid=\"false\" \/><\/span> <\/label><\/p>\n<p><label> Konu<br \/>\n    <span class=\"wpcf7-form-control-wrap your-subject\"><input type=\"text\" name=\"your-subject\" value=\"\" size=\"40\" class=\"wpcf7-form-control wpcf7-text\" aria-invalid=\"false\" \/><\/span> <\/label><\/p>\n<p><label> Mesaj\u0131n\u0131z<br \/>\n    <span class=\"wpcf7-form-control-wrap your-message\"><textarea name=\"your-message\" cols=\"40\" rows=\"10\" class=\"wpcf7-form-control wpcf7-textarea\" aria-invalid=\"false\"><\/textarea><\/span> <\/label><\/p>\n<p><input type=\"submit\" value=\"G\u00f6nder\" class=\"wpcf7-form-control wpcf7-submit\" \/><\/p>\n<div class=\"wpcf7-response-output\" aria-hidden=\"true\"><\/div><\/form><\/div>[\/vc_column][\/vc_row]<\/p>\n","protected":false},"excerpt":{"rendered":"<p>Claritas est etiam processus dynamicus, qui sequitur mutationem consuetudium lectorum. Mirum est notare quam littera gothica, quam nunc putamus parum claram, anteposuerit litterarum formas humanitatis per seacula quarta decima et quinta decima. Eodem modo typi, qui nunc nobis videntur parum clari, fiant sollemnes in futurum.<\/p>\n","protected":false},"author":1,"featured_media":0,"parent":0,"menu_order":0,"comment_status":"closed","ping_status":"closed","template":"page-vc.php","meta":[],"_links":{"self":[{"href":"https:\/\/kayagrouptower.com.tr\/index.php?rest_route=\/wp\/v2\/pages\/3172"}],"collection":[{"href":"https:\/\/kayagrouptower.com.tr\/index.php?rest_route=\/wp\/v2\/pages"}],"about":[{"href":"https:\/\/kayagrouptower.com.tr\/index.php?rest_route=\/wp\/v2\/types\/page"}],"author":[{"embeddable":true,"href":"https:\/\/kayagrouptower.com.tr\/index.php?rest_route=\/wp\/v2\/users\/1"}],"replies":[{"embeddable":true,"href":"https:\/\/kayagrouptower.com.tr\/index.php?rest_route=%2Fwp%2Fv2%2Fcomments&post=3172"}],"version-history":[{"count":11,"href":"https:\/\/kayagrouptower.com.tr\/index.php?rest_route=\/wp\/v2\/pages\/3172\/revisions"}],"predecessor-version":[{"id":3882,"href":"https:\/\/kayagrouptower.com.tr\/index.php?rest_route=\/wp\/v2\/pages\/3172\/revisions\/3882"}],"wp:attachment":[{"href":"https:\/\/kayagrouptower.com.tr\/index.php?rest_route=%2Fwp%2Fv2%2Fmedia&parent=3172"}],"curies":[{"name":"wp","href":"https:\/\/api.w.org\/{rel}","templated":true}]}}