{"id":3625,"date":"2016-03-10T07:39:28","date_gmt":"2016-03-10T07:39:28","guid":{"rendered":"http:\/\/ninzio.com\/focuson\/?page_id=7"},"modified":"2016-11-29T10:29:27","modified_gmt":"2016-11-29T10:29:27","slug":"home","status":"publish","type":"page","link":"https:\/\/kayagrouptower.com.tr\/","title":{"rendered":"Ana Sayfa"},"content":{"rendered":"<p>[vc_row padding_top=&#8221;100&#8243; padding_bottom=&#8221;50&#8243;][vc_column]<div class=\"nz-content-box nz-clearfix animate-none\" data-columns=\"3\" data-animate=\"false\"><div id=\"nz-box-1\" class=\"  nz-box animate-item\"><div class=\"nz-box-wrap\"><style>#nz-box-1 .box-icon {color:#c2c2c2;}#nz-box-1:hover .box-icon {color:#4ab9af !important;}<\/style><div class=\"box-icon-wrap\"><div class=\"box-icon icon-cog\"><\/div><\/div><div class=\"box-data\"><\/p>\n<h3><span style=\"font-size: 16px; line-height: 26px; color: #4ab9af;\">V\u0130ZYONUMUZ<\/span><\/h3>\n<p>Faaliyet alan\u0131ndaki hedef kitlenin\u00a0 beklentilerini istikrarl\u0131 kalite anlay\u0131\u015f\u0131 ile kar\u015f\u0131layarak, de\u011fer yaratmay\u0131 esas alan kurumsal yap\u0131m\u0131z m\u00fc\u015fteri odakl\u0131 \u00e7al\u0131\u015fma stratejimiz ve rekabet\u00e7i b\u00fcy\u00fcme potansiyelimiz ile &#8220;en iyi&#8221; \u015fekilde de\u011ferleri y\u00f6netmek.<a class=\"box-more\" href=\"#\">Read more<span class=\"icon-arrow-right2\"><\/span><\/a><\/div><\/div><\/div><div id=\"nz-box-2\" class=\"  nz-box animate-item\"><div class=\"nz-box-wrap\"><style>#nz-box-2 .box-icon {color:#c2c2c2;}#nz-box-2:hover .box-icon {color:#4ab9af !important;}<\/style><div class=\"box-icon-wrap\"><div class=\"box-icon icon-stack\"><\/div><\/div><div class=\"box-data\"><\/p>\n<h3><span style=\"font-size: 16px; line-height: 26px; color: #4ab9af;\">M\u0130SYONUMUZ<\/span><\/h3>\n<p>\u00dcstlendi\u011fi g\u00f6revlerde farkl\u0131l\u0131klar yaratarak, kal\u0131c\u0131 eserler yaratma hedefi ile kalite ve uygulama s\u00fcresi a\u00e7\u0131s\u0131ndan \u00fcst\u00fcn ba\u015far\u0131 ile y\u00fcr\u00fcten bir i\u015fletme olma \u00f6zelli\u011fimizi korurken, \u00dclkemiz ekonomisine katk\u0131m\u0131z\u0131 s\u00fcrekli olarak artt\u0131rmaktay\u0131z,<a class=\"box-more\" href=\"#\">Read more<span class=\"icon-arrow-right2\"><\/span><\/a><\/div><\/div><\/div><div id=\"nz-box-3\" class=\"  nz-box animate-item\"><div class=\"nz-box-wrap\"><style>#nz-box-3 .box-icon {color:#c2c2c2;}#nz-box-3:hover .box-icon {color:#4ab9af !important;}<\/style><div class=\"box-icon-wrap\"><div class=\"box-icon icon-support\"><\/div><\/div><div class=\"box-data\"><\/p>\n<h3><span style=\"font-size: 16px; line-height: 26px; color: #4ab9af;\">DE\u011eERLER\u0130M\u0130Z<\/span><\/h3>\n<p>Faaliyet alanlar\u0131m\u0131zda ; G\u00fcvenirlilik, verimlilik ve kaliteyi hedefleyerek T\u00fcrkiye&#8217;nin en g\u00fcvenilir \u015firketleri aras\u0131nda yer alma arzusu ve bilinci ile \u00e7al\u0131\u015fmalar\u0131m\u0131z\u0131 s\u00fcrd\u00fcrmekteyiz,<a class=\"box-more\" href=\"#\">Read more<span class=\"icon-arrow-right2\"><\/span><\/a><\/div><\/div><\/div><\/div>[\/vc_column][\/vc_row][vc_row full_width=&#8221;true&#8221; background_color=&#8221;#fafafa&#8221; padding_top=&#8221;75&#8243; padding_bottom=&#8221;0&#8243;][vc_column margin_b=&#8221;false&#8221;][vc_column_text]<\/p>\n<h3 style=\"text-align: center; font-size: 28px; line-height: 38px;\">H\u0130ZMETLER\u00a0<span style=\"color: #4ab9af; font-weight: bold;\">PROJELER<\/span><\/h3>\n<p>[\/vc_column_text]<div class='gap nz-clearfix' style='height:10px'>&nbsp;<\/div><img class=\"aligncenter size-full wp-image-2848 \" src=\"https:\/\/kayagrouptower.com.tr\/wp-content\/uploads\/2016\/03\/lines.png\" alt=\"2848\" width=\"105\" height=\"9\"><div class='gap nz-clearfix' style='height:50px'>&nbsp;<\/div><div id=\"nz-recent-projects-1\" data-animate=\"false\" class=\"lazy small-image-nogap nz-clearfix nz-recent-projects\"><div class=\"recent-projects-wrap nz-clearfix\"><div class=\"projects mix nz-clearfix\" data-grid=\"ninzio_01\"><div class=\"nz-thumbnail\"><img width=\"640\" height=\"520\" src=\"https:\/\/kayagrouptower.com.tr\/wp-content\/uploads\/2015\/09\/insan_kaynaklar\u0131-640x520.jpg\" class=\"attachment-Focuson-Ninzio-Half size-Focuson-Ninzio-Half wp-post-image\" alt=\"\" loading=\"lazy\" \/><div class=\"ninzio-overlay\"><a class=\"nz-overlay-before\" data-lightbox-gallery=\"gallery3\" href=\"https:\/\/kayagrouptower.com.tr\/?projects=jurong-logistics-hub\"><\/a><h4 class=\"project-title\"><a href=\"https:\/\/kayagrouptower.com.tr\/?projects=jurong-logistics-hub\">\u0130nsan Kaynaklar\u0131<\/a><\/h4><\/div><\/div><\/div><div class=\"projects mix nz-clearfix\" data-grid=\"ninzio_01\"><div class=\"nz-thumbnail\"><img width=\"640\" height=\"520\" src=\"https:\/\/kayagrouptower.com.tr\/wp-content\/uploads\/2015\/09\/peyzaj5-640x520.jpg\" class=\"attachment-Focuson-Ninzio-Half size-Focuson-Ninzio-Half wp-post-image\" alt=\"\" loading=\"lazy\" \/><div class=\"ninzio-overlay\"><a class=\"nz-overlay-before\" data-lightbox-gallery=\"gallery3\" href=\"https:\/\/kayagrouptower.com.tr\/?projects=painting-and-repairing\"><\/a><h4 class=\"project-title\"><a href=\"https:\/\/kayagrouptower.com.tr\/?projects=painting-and-repairing\">Peyzaj &#038; Mimarl\u0131k Hizmetleri<\/a><\/h4><\/div><\/div><\/div><div class=\"projects mix nz-clearfix\" data-grid=\"ninzio_01\"><div class=\"nz-thumbnail\"><img width=\"640\" height=\"520\" src=\"https:\/\/kayagrouptower.com.tr\/wp-content\/uploads\/2016\/11\/geri_donusum3-640x520.jpg\" class=\"attachment-Focuson-Ninzio-Half size-Focuson-Ninzio-Half wp-post-image\" alt=\"\" loading=\"lazy\" \/><div class=\"ninzio-overlay\"><a class=\"nz-overlay-before\" data-lightbox-gallery=\"gallery3\" href=\"https:\/\/kayagrouptower.com.tr\/?projects=old-building-repairing\"><\/a><h4 class=\"project-title\"><a href=\"https:\/\/kayagrouptower.com.tr\/?projects=old-building-repairing\">Geri D\u00f6n\u00fc\u015f\u00fcm Hizmetleri<\/a><\/h4><\/div><\/div><\/div><div class=\"projects mix nz-clearfix\" data-grid=\"ninzio_01\"><div class=\"nz-thumbnail\"><img width=\"640\" height=\"520\" src=\"https:\/\/kayagrouptower.com.tr\/wp-content\/uploads\/2016\/11\/temizlik2-640x520.jpg\" class=\"attachment-Focuson-Ninzio-Half size-Focuson-Ninzio-Half wp-post-image\" alt=\"\" loading=\"lazy\" \/><div class=\"ninzio-overlay\"><a class=\"nz-overlay-before\" data-lightbox-gallery=\"gallery3\" href=\"https:\/\/kayagrouptower.com.tr\/?projects=house-construction-design\"><\/a><h4 class=\"project-title\"><a href=\"https:\/\/kayagrouptower.com.tr\/?projects=house-construction-design\">Temizlik  Hizmetleri<\/a><\/h4><\/div><\/div><\/div><div class=\"projects mix nz-clearfix\" data-grid=\"ninzio_01\"><div class=\"nz-thumbnail\"><img width=\"640\" height=\"520\" src=\"https:\/\/kayagrouptower.com.tr\/wp-content\/uploads\/2016\/11\/ilaclama2-640x520.jpg\" class=\"attachment-Focuson-Ninzio-Half size-Focuson-Ninzio-Half wp-post-image\" alt=\"\" loading=\"lazy\" \/><div class=\"ninzio-overlay\"><a class=\"nz-overlay-before\" data-lightbox-gallery=\"gallery3\" href=\"https:\/\/kayagrouptower.com.tr\/?projects=smart-website-deisgn\"><\/a><h4 class=\"project-title\"><a href=\"https:\/\/kayagrouptower.com.tr\/?projects=smart-website-deisgn\">\u0130la\u00e7lama Ve Vekt\u00f6rel M\u00fccadele<\/a><\/h4><\/div><\/div><\/div><div class=\"projects mix nz-clearfix\" data-grid=\"ninzio_01\"><div class=\"nz-thumbnail\"><img width=\"640\" height=\"520\" src=\"https:\/\/kayagrouptower.com.tr\/wp-content\/uploads\/2015\/08\/hasta-kabul3-640x520.jpg\" class=\"attachment-Focuson-Ninzio-Half size-Focuson-Ninzio-Half wp-post-image\" alt=\"\" loading=\"lazy\" \/><div class=\"ninzio-overlay\"><a class=\"nz-overlay-before\" data-lightbox-gallery=\"gallery3\" href=\"https:\/\/kayagrouptower.com.tr\/?projects=awesome-service-web\"><\/a><h4 class=\"project-title\"><a href=\"https:\/\/kayagrouptower.com.tr\/?projects=awesome-service-web\">Hasta Kabul &#8211; Sa\u011fl\u0131k Hizmetleri<\/a><\/h4><\/div><\/div><\/div><div class=\"projects mix nz-clearfix\" data-grid=\"ninzio_01\"><div class=\"nz-thumbnail\"><img width=\"640\" height=\"520\" src=\"https:\/\/kayagrouptower.com.tr\/wp-content\/uploads\/2015\/08\/destek2-640x520.jpg\" class=\"attachment-Focuson-Ninzio-Half size-Focuson-Ninzio-Half wp-post-image\" alt=\"\" loading=\"lazy\" \/><div class=\"ninzio-overlay\"><a class=\"nz-overlay-before\" data-lightbox-gallery=\"gallery3\" href=\"https:\/\/kayagrouptower.com.tr\/?projects=website-construction\"><\/a><h4 class=\"project-title\"><a href=\"https:\/\/kayagrouptower.com.tr\/?projects=website-construction\">Destek ve Y\u00f6nlendirme Hizmetleri<\/a><\/h4><\/div><\/div><\/div><div class=\"projects mix nz-clearfix\" data-grid=\"ninzio_01\"><div class=\"nz-thumbnail\"><img width=\"640\" height=\"520\" src=\"https:\/\/kayagrouptower.com.tr\/wp-content\/uploads\/2016\/11\/ara\u00e7-kiralama-640x520.jpg\" class=\"attachment-Focuson-Ninzio-Half size-Focuson-Ninzio-Half wp-post-image\" alt=\"\" loading=\"lazy\" \/><div class=\"ninzio-overlay\"><a class=\"nz-overlay-before\" data-lightbox-gallery=\"gallery3\" href=\"https:\/\/kayagrouptower.com.tr\/?projects=creative-repairing-web\"><\/a><h4 class=\"project-title\"><a href=\"https:\/\/kayagrouptower.com.tr\/?projects=creative-repairing-web\">Ara\u00e7 Kiralama Hizmetleri<\/a><\/h4><\/div><\/div><\/div><\/div><\/div>[\/vc_column][\/vc_row][vc_row id=&#8221;nz-count-row&#8221; background_color=&#8221;#4ab9af&#8221; background_image=&#8221;3767&#8243; background_position=&#8221;Center center&#8221; padding_top=&#8221;75&#8243; padding_bottom=&#8221;25&#8243; video=&#8221;true&#8221; overlay_pattern=&#8221;14&#8243;][vc_column]<div id=\"nz-counter-1\" class=\"nz-counter nz-clearfix\" data-columns=\"4\"><div class=\"nz-count\" id=\"nz-count-1\"><div class=\"nz-count-wrap nz-clearfix\"><span class=\"count-value\" style=\"color:#ffffff;\">10000<\/span><span class=\"count-icon icon-plus4\" style=\"color:#ffffff;\"><\/span><span class=\"count-title\" style=\"color:#ffffff;\">Personel<\/span><style><\/style><\/div><\/div><div class=\"nz-count\" id=\"nz-count-2\"><div class=\"nz-count-wrap nz-clearfix\"><span class=\"count-value\" style=\"color:#ffffff;\">150<\/span><span class=\"count-icon icon-plus4\" style=\"color:#ffffff;\"><\/span><span class=\"count-title\" style=\"color:#ffffff;\">Makina Parkuru<\/span><style><\/style><\/div><\/div><div class=\"nz-count\" id=\"nz-count-3\"><div class=\"nz-count-wrap nz-clearfix\"><span class=\"count-value\" style=\"color:#ffffff;\">1000000000<\/span><span class=\"count-icon icon-plus4\" style=\"color:#ffffff;\"><\/span><span class=\"count-title\" style=\"color:#ffffff;\">Proje Cirosu (Tl)<\/span><style><\/style><\/div><\/div><div class=\"nz-count\" id=\"nz-count-4\"><div class=\"nz-count-wrap nz-clearfix\"><span class=\"count-value\" style=\"color:#ffffff;\">50<\/span><span class=\"count-icon icon-plus4\" style=\"color:#ffffff;\"><\/span><span class=\"count-title\" style=\"color:#ffffff;\">Devam Eden Paoje<\/span><style><\/style><\/div><\/div><\/div>[\/vc_column][\/vc_row][vc_row padding_top=&#8221;100&#8243; padding_bottom=&#8221;75&#8243;][vc_column width=&#8221;1\/2&#8243; extra_class=&#8221;no-padding&#8221;][vc_custom_heading text=&#8221;Kaya \u015eirketler Grubu&#8221; font_container=&#8221;tag:h3|font_size:28px|text_align:left|color:%234ab9af|line_height:38px&#8221; use_theme_fonts=&#8221;yes&#8221;]<div class='gap nz-clearfix' style='height:20px'>&nbsp;<\/div>[vc_column_text]insani de\u011fer yarg\u0131lar\u0131n\u0131 \u00f6n planda tutmak kayd\u0131yla bilin\u00e7li, sab\u0131rl\u0131, vicdanl\u0131, zeki ve \u00e7al\u0131\u015fkan, \u00e7al\u0131\u015fma arkada\u015flar\u0131yla ekip \u00e7al\u0131\u015fmalar\u0131n\u0131 y\u00fcr\u00fctmektedir.[\/vc_column_text]<div class=\"sep-wrap left nz-clearfix\"><div class=\"nz-separator solid\" style=\"border-bottom-color:#eeeeee;width:100px;border-bottom-width:1px;border-bottom-style:solid;margin-top:30px;margin-bottom:1px;\">&nbsp;<\/div><\/div><div class=\"sep-wrap left nz-clearfix\"><div class=\"nz-separator solid\" style=\"border-bottom-color:#eeeeee;width:100px;border-bottom-width:1px;border-bottom-style:solid;margin-bottom:30px;\">&nbsp;<\/div><\/div><div class=\"nz-content-box nz-clearfix animate-none\" data-columns=\"1\" data-animate=\"false\"><div id=\"nz-box-4\" class=\"  nz-box animate-item\"><div class=\"nz-box-wrap\"><style>#nz-box-4 .box-icon {color:#4ab9af;}#nz-box-4:hover .box-icon {color:#81d742 !important;}<\/style><div class=\"box-icon-wrap\"><div class=\"box-icon icon-user7\"><\/div><\/div><div class=\"box-data\"><\/p>\n<h3><span style=\"font-size: 16px; line-height: 26px; color: #4ab9af;\">PERSONEL H\u0130ZMETLER\u0130<\/span><\/h3>\n<p><strong>\u00c7e\u015fitli dallarda;<\/strong> Doktor,Hem\u015fire,Sos.\u00c7al\u0131\u015fmac\u0131,VHK\u0130.Hasta Bak\u0131c\u0131, Psikolog, Mimar, Tekniker, Teknisyen, Kaloriferci,\u015eof\u00f6r,Temizlik\u00e7i vb kadrolarda toplamda 10.000 \u2018i a\u015fk\u0131n personel \u00e7al\u0131\u015fmaktad\u0131r<\/div><\/div><\/div><div id=\"nz-box-5\" class=\"  nz-box animate-item\"><div class=\"nz-box-wrap\"><style>#nz-box-5 .box-icon {color:#4ab9af;}#nz-box-5:hover .box-icon {color:#90c847 !important;}<\/style><div class=\"box-icon-wrap\"><div class=\"box-icon icon-truck2\"><\/div><\/div><div class=\"box-data\"><\/p>\n<h3><span style=\"color: #4ab9af;\"><b>TA\u015eIT PARKURU <\/b><\/span><\/h3>\n<p>Ta\u015f\u0131t parkurumuzda 2016 Y\u0131l\u0131nda edinilmi\u015f 150\u2018YE YAKIN (5 YA\u015eINDAN K\u00dc\u00c7\u00dcK) Mali de\u011feri 20.000.000,00 TL\u2019ye (Y\u0130RM\u0130 M\u0130LYON) uls\u015fsn, Makina,Ta\u015f\u0131t ve Ekipman parkurumuz bulunmaktad\u0131r.<\/div><\/div><\/div><div id=\"nz-box-6\" class=\"  nz-box animate-item\"><div class=\"nz-box-wrap\"><style>#nz-box-6 .box-icon {color:#4ab9af;}#nz-box-6:hover .box-icon {color:#90c847 !important;}<\/style><div class=\"box-icon-wrap\"><div class=\"box-icon icon-thumbsup\"><\/div><\/div><div class=\"box-data\"><\/p>\n<h3><span style=\"font-size: 16px; line-height: 26px; color: #4ab9af; font-family: 'arial black', sans-serif;\">DEVAM EDEN PROJELER\u0130M\u0130Z<\/span><\/h3>\n<p>Yurt \u00e7ap\u0131nda devam eden projelerimizinin cirosu 2016 y\u0131l\u0131 itibri ile \u00a0<b>1.000.000.000.TL \u2018\u00a0\u0131 (<\/b><b>\u00a0<\/b><b>B\u0130R M\u0130LYAR) <\/b><b>\u00a0a\u015fm\u0131\u015f bulunmaktad\u0131r.<\/b><\/div><\/div><\/div><\/div>[\/vc_column][vc_column width=&#8221;1\/2&#8243;]<img class=\"aligncenter size-full wp-image-3782 \" src=\"https:\/\/kayagrouptower.com.tr\/wp-content\/uploads\/2016\/03\/orta.jpg\" alt=\"3782\" width=\"642\" height=\"671\">[\/vc_column][\/vc_row][vc_row background_color=&#8221;#fafafa&#8221; background_image=&#8221;3777&#8243; padding_top=&#8221;100&#8243; padding_bottom=&#8221;75&#8243; parallax=&#8221;true&#8221; el_class=&#8221;custom-padding-2&#8243;][vc_column extra_class=&#8221;no-padding&#8221; text_align=&#8221;center&#8221; pl=&#8221;250&#8243; pr=&#8221;250&#8243;]<span class=\"nz-popup icon-plus\" data-tipso=\"2016 YILI \u0130T\u0130BARIYLA MAL\u0130 DE\u011eER\u0130 20.000.000,00 TL\u2019YE (Y\u0130RM\u0130 M\u0130LYON) ULA\u015eAN MAK\u0130NA,TA\u015eIT VE EK\u0130PMAN PARKURUMUZ BULUNMAKTADIR\" style=\"background-color:#4ab9af;\"><span style=\"border-color:#4ab9af;\" class=\"nz-popup-border\"><\/span><\/span>[vc_custom_heading text=&#8221;ARA\u00c7 F\u0130LOMUZ&#8221; font_container=&#8221;tag:h3|font_size:46px|text_align:center|color:%23ffffff|line_height:56px&#8221; use_theme_fonts=&#8221;yes&#8221;]<div class='gap nz-clearfix' style='height:25px'>&nbsp;<\/div><a class=\"button button-normal default full-false medium square animate-false anim-type-ghost hover-fill\" href=\"http:\/\/ninzio.com\" target=\"_self\"><span class=\"txt\">Ara\u00e7 Filomuz<\/span><\/a>[\/vc_column][\/vc_row]<\/p>\n","protected":false},"excerpt":{"rendered":"<p>Claritas est etiam processus dynamicus, qui sequitur mutationem consuetudium lectorum. Mirum est notare quam littera gothica, quam nunc putamus parum claram, anteposuerit litterarum formas humanitatis per seacula quarta decima et quinta decima. Eodem modo typi, qui nunc nobis videntur parum clari, fiant sollemnes in futurum.<\/p>\n","protected":false},"author":1,"featured_media":0,"parent":0,"menu_order":0,"comment_status":"closed","ping_status":"closed","template":"page-vc.php","meta":[],"_links":{"self":[{"href":"https:\/\/kayagrouptower.com.tr\/index.php?rest_route=\/wp\/v2\/pages\/3625"}],"collection":[{"href":"https:\/\/kayagrouptower.com.tr\/index.php?rest_route=\/wp\/v2\/pages"}],"about":[{"href":"https:\/\/kayagrouptower.com.tr\/index.php?rest_route=\/wp\/v2\/types\/page"}],"author":[{"embeddable":true,"href":"https:\/\/kayagrouptower.com.tr\/index.php?rest_route=\/wp\/v2\/users\/1"}],"replies":[{"embeddable":true,"href":"https:\/\/kayagrouptower.com.tr\/index.php?rest_route=%2Fwp%2Fv2%2Fcomments&post=3625"}],"version-history":[{"count":22,"href":"https:\/\/kayagrouptower.com.tr\/index.php?rest_route=\/wp\/v2\/pages\/3625\/revisions"}],"predecessor-version":[{"id":3783,"href":"https:\/\/kayagrouptower.com.tr\/index.php?rest_route=\/wp\/v2\/pages\/3625\/revisions\/3783"}],"wp:attachment":[{"href":"https:\/\/kayagrouptower.com.tr\/index.php?rest_route=%2Fwp%2Fv2%2Fmedia&parent=3625"}],"curies":[{"name":"wp","href":"https:\/\/api.w.org\/{rel}","templated":true}]}}