{"id":3692,"date":"2016-11-26T03:16:27","date_gmt":"2016-11-26T03:16:27","guid":{"rendered":"http:\/\/kayagrouptower.com.tr\/?page_id=3692"},"modified":"2016-11-29T14:47:17","modified_gmt":"2016-11-29T14:47:17","slug":"insan-kaynaklari","status":"publish","type":"page","link":"https:\/\/kayagrouptower.com.tr\/?page_id=3692","title":{"rendered":"\u0130nsan Kaynaklar\u0131"},"content":{"rendered":"<p>[vc_row][vc_column width=&#8221;1\/4&#8243;][vc_single_image image=&#8221;3792&#8243; img_size=&#8221;large&#8221; style=&#8221;vc_box_shadow_3d&#8221;][vc_single_image image=&#8221;3793&#8243; img_size=&#8221;large&#8221; style=&#8221;vc_box_shadow_3d&#8221;][vc_single_image image=&#8221;3794&#8243; img_size=&#8221;large&#8221; style=&#8221;vc_box_shadow_3d&#8221;][\/vc_column][vc_column width=&#8221;3\/4&#8243;][vc_custom_heading text=&#8221;\u0130nsan Kaynaklar\u0131 Hizmetleri<br \/>\n&#8221; google_fonts=&#8221;font_family:Montserrat%3Aregular%2C700|font_style:400%20regular%3A400%3Anormal&#8221;][vc_column_text]\u0130nsan kaynaklar\u0131; bir i\u015fletme veya kurumun \u00fcr\u00fcn ve hizmet yaratmak ama\u00e7l\u0131 kulland\u0131\u011f\u0131 kaynaklardan biridir. \u0130nsan kaynaklar\u0131 \u00fcr\u00fcn ve hizmetlerin insanlar ile ili\u015fkisini kurabilmek i\u00e7in pazarlama yetisini; organizasyona ait bilgiyi, deneyimi, becerileri, karar vermeyi ve yarat\u0131c\u0131l\u0131\u011f\u0131; bu yeteneklerin \u00f6rg\u00fctlendirilmesini, yap\u0131land\u0131r\u0131lmas\u0131n\u0131 ve \u00f6d\u00fcllendirilmesini i\u00e7erir.<\/p>\n<p><strong>\u0130nsan kaynaklar\u0131 birimi<\/strong><\/p>\n<p>\u0130nsan kaynaklar\u0131 i\u015fyerlerinde ihtiya\u00e7 duyulan insan g\u00fcc\u00fcn\u00fc kar\u015f\u0131lamak ve verimli kullanmak i\u00e7in olu\u015fturulmu\u015f b\u00f6l\u00fcm\u00fcn ad\u0131d\u0131r.<\/p>\n<p>Daha \u00f6nceleri, personel b\u00f6l\u00fcm\u00fc olarak, devam takibi yani puantaj i\u015flemi yaparak bordro haz\u0131rlayan bir g\u00f6revi olan bu b\u00f6l\u00fcm g\u00fcn\u00fcm\u00fczde faaliyet alan\u0131n\u0131 geni\u015fleterek bu ismi alm\u0131\u015ft\u0131r.<\/p>\n<p>En genel anlam\u0131yla insan kaynaklar\u0131, i\u015fveren ile \u00e7al\u0131\u015fan veya potansiyel \u00e7al\u0131\u015fanlar\u0131n ili\u015fkilerini d\u00fczenleyen s\u00fcre\u00e7lerin genel ad\u0131 ve i\u015fletmelerde ayn\u0131 adla an\u0131lan birimdir. \u0130\u015fg\u00fcc\u00fc planlamas\u0131 ile ba\u015flar, i\u015fe al\u0131m, \u00fccretlendirme ve yan menfaatler, end\u00fcstriyel\/sendikal ili\u015fkiler, kurumsal performans y\u00f6netimi, kariyer y\u00f6netimi ve e\u011fitim, \u00e7al\u0131\u015fanlar\u0131n memnuniyetinin \u00f6l\u00e7\u00fcmlenmesi, sosyal ve idari hizmetlerin tahsisi gibi \u00e7al\u0131\u015fanlar\u0131 ilgilendiren t\u00fcm konular\u0131 kapsar. \u0130nsan kaynaklar\u0131 \u00e7al\u0131\u015fanlar\u0131, yasa gere\u011fi, i\u015f arayan bireylerden hi\u00e7bir maddi talepte bulunamazlar.<\/p>\n<p>G\u00fcn\u00fcm\u00fczde insan kaynaklar\u0131n\u0131n i\u015flevi a\u015fa\u011f\u0131daki \u015fekilde tan\u0131mlanabilir:<\/p>\n<ul>\n<li>\u0130\u015fg\u00fcc\u00fc planlamas\u0131<\/li>\n<li>Kadrolama (sa\u011flama, se\u00e7me, yerle\u015ftirme)<\/li>\n<li>\u0130\u015f de\u011ferleme<\/li>\n<li>\u00d6d\u00fcllendirme<\/li>\n<li>Yeti\u015ftirme-Geli\u015ftirme<\/li>\n<li>End\u00fcstriyel ili\u015fkiler<\/li>\n<li>Koruma<\/li>\n<li>Performans De\u011ferleme<\/li>\n<li>\u00dccretlendirme ve Yan Haklar<\/li>\n<li>Se\u00e7me ve Yerle\u015ftirme<\/li>\n<li>\u00c7al\u0131\u015fan Ba\u011fl\u0131l\u0131\u011f\u0131<\/li>\n<\/ul>\n<p>[\/vc_column_text][\/vc_column][\/vc_row]<\/p>\n","protected":false},"excerpt":{"rendered":"<p>[vc_row][vc_column width=&#8221;1\/4&#8243;][vc_single_image image=&#8221;3792&#8243; img_size=&#8221;large&#8221; style=&#8221;vc_box_shadow_3d&#8221;][vc_single_image image=&#8221;3793&#8243; img_size=&#8221;large&#8221; style=&#8221;vc_box_shadow_3d&#8221;][vc_single_image image=&#8221;3794&#8243; img_size=&#8221;large&#8221; style=&#8221;vc_box_shadow_3d&#8221;][\/vc_column][vc_column width=&#8221;3\/4&#8243;][vc_custom_heading text=&#8221;\u0130nsan Kaynaklar\u0131 Hizmetleri &#8221; google_fonts=&#8221;font_family:Montserrat%3Aregular%2C700|font_style:400%20regular%3A400%3Anormal&#8221;][vc_column_text]\u0130nsan kaynaklar\u0131; bir i\u015fletme veya kurumun \u00fcr\u00fcn ve hizmet yaratmak ama\u00e7l\u0131 kulland\u0131\u011f\u0131 kaynaklardan biridir. \u0130nsan kaynaklar\u0131 \u00fcr\u00fcn ve hizmetlerin insanlar ile ili\u015fkisini kurabilmek i\u00e7in pazarlama yetisini; organizasyona ait bilgiyi, deneyimi, becerileri, karar vermeyi ve yarat\u0131c\u0131l\u0131\u011f\u0131; bu yeteneklerin \u00f6rg\u00fctlendirilmesini, yap\u0131land\u0131r\u0131lmas\u0131n\u0131 [&hellip;]<\/p>\n","protected":false},"author":1,"featured_media":0,"parent":3696,"menu_order":0,"comment_status":"closed","ping_status":"closed","template":"","meta":[],"_links":{"self":[{"href":"https:\/\/kayagrouptower.com.tr\/index.php?rest_route=\/wp\/v2\/pages\/3692"}],"collection":[{"href":"https:\/\/kayagrouptower.com.tr\/index.php?rest_route=\/wp\/v2\/pages"}],"about":[{"href":"https:\/\/kayagrouptower.com.tr\/index.php?rest_route=\/wp\/v2\/types\/page"}],"author":[{"embeddable":true,"href":"https:\/\/kayagrouptower.com.tr\/index.php?rest_route=\/wp\/v2\/users\/1"}],"replies":[{"embeddable":true,"href":"https:\/\/kayagrouptower.com.tr\/index.php?rest_route=%2Fwp%2Fv2%2Fcomments&post=3692"}],"version-history":[{"count":1,"href":"https:\/\/kayagrouptower.com.tr\/index.php?rest_route=\/wp\/v2\/pages\/3692\/revisions"}],"predecessor-version":[{"id":3694,"href":"https:\/\/kayagrouptower.com.tr\/index.php?rest_route=\/wp\/v2\/pages\/3692\/revisions\/3694"}],"up":[{"embeddable":true,"href":"https:\/\/kayagrouptower.com.tr\/index.php?rest_route=\/wp\/v2\/pages\/3696"}],"wp:attachment":[{"href":"https:\/\/kayagrouptower.com.tr\/index.php?rest_route=%2Fwp%2Fv2%2Fmedia&parent=3692"}],"curies":[{"name":"wp","href":"https:\/\/api.w.org\/{rel}","templated":true}]}}