{"id":3696,"date":"2016-11-26T03:26:34","date_gmt":"2016-11-26T03:26:34","guid":{"rendered":"http:\/\/kayagrouptower.com.tr\/?page_id=3696"},"modified":"2016-12-05T09:39:25","modified_gmt":"2016-12-05T09:39:25","slug":"hizmetlerimiz","status":"publish","type":"page","link":"https:\/\/kayagrouptower.com.tr\/?page_id=3696","title":{"rendered":"Hizmetlerimiz"},"content":{"rendered":"<p>[vc_row][vc_column][vc_column_text]<\/p>\n<p>[\/vc_column_text][\/vc_column][\/vc_row][vc_row padding_top=&#8221;100&#8243; padding_bottom=&#8221;0&#8243;][vc_column width=&#8221;1\/3&#8243;]<a class=\"nz-single-image\" href=\"#\"><img class=\"aligncenter size-full wp-image-3701 \" src=\"https:\/\/kayagrouptower.com.tr\/wp-content\/uploads\/2016\/11\/hizmetler_ust_3.jpg\" alt=\"3701\" width=\"440\" height=\"380\"><\/a>[\/vc_column][vc_column width=&#8221;1\/3&#8243;]<a class=\"nz-single-image\" href=\"http:\/\/ninzio.com\"><img class=\"aligncenter size-full wp-image-3699 \" src=\"https:\/\/kayagrouptower.com.tr\/wp-content\/uploads\/2016\/11\/hizmetler_ust_1.jpg\" alt=\"3699\" width=\"440\" height=\"380\"><\/a>[\/vc_column][vc_column width=&#8221;1\/3&#8243;]<a class=\"nz-single-image\" href=\"#\"><img class=\"aligncenter size-full wp-image-3700 \" src=\"https:\/\/kayagrouptower.com.tr\/wp-content\/uploads\/2016\/11\/hizmetler_ust_2.jpg\" alt=\"3700\" width=\"440\" height=\"380\"><\/a>[\/vc_column][\/vc_row][vc_row background_color=&#8221;#fafafa&#8221; padding_top=&#8221;100&#8243; padding_bottom=&#8221;50&#8243;][vc_column]<div class=\"nz-content-box nz-clearfix animate-fade\" data-columns=\"3\" data-animate=\"true\"><div id=\"nz-box-1\" class=\"  nz-box animate-item\"><div class=\"nz-box-wrap\"><style>#nz-box-1 .box-icon {color:#c2c2c2;}#nz-box-1:hover .box-icon {color:#90c847 !important;}<\/style><div class=\"box-data\"><\/p>\n<h3><span style=\"font-size: 16px; line-height: 26px;\"><img loading=\"lazy\" class=\"wp-image-3717 size-thumbnail alignleft\" src=\"http:\/\/dorate.com.tr\/wp-content\/uploads\/2016\/03\/hizmetler_ins_kay-150x150.png\" width=\"150\" height=\"150\" \/>\u0130nsan Kaynaklar, Veri, Otomasyon ve Enformasyon Hizmetleri<\/span><\/h3>\n<p><a class=\"box-more\" href=\"#\">Read more<span class=\"icon-arrow-right2\"><\/span><\/a><\/div><\/div><\/div><div id=\"nz-box-2\" class=\"  nz-box animate-item\"><div class=\"nz-box-wrap\"><style>#nz-box-2 .box-icon {color:#c2c2c2;}#nz-box-2:hover .box-icon {color:#90c847 !important;}<\/style><div class=\"box-data\"><\/p>\n<h3><span style=\"font-size: 16px; line-height: 26px;\"><img loading=\"lazy\" class=\"size-thumbnail wp-image-3720 alignleft\" src=\"http:\/\/dorate.com.tr\/wp-content\/uploads\/2016\/03\/hizmetler_park-150x150.png\" alt=\"hizmetler_park\" width=\"150\" height=\"150\" \/>Park -Bah\u00e7e Peyzaj Ve Mimarl\u0131k Hizmetleri<\/span><\/h3>\n<p><a class=\"box-more\" href=\"#\">Read more<span class=\"icon-arrow-right2\"><\/span><\/a><\/div><\/div><\/div><div id=\"nz-box-3\" class=\"  nz-box animate-item\"><div class=\"nz-box-wrap\"><style>#nz-box-3 .box-icon {color:#c2c2c2;}#nz-box-3:hover .box-icon {color:#90c847 !important;}<\/style><div class=\"box-data\"><\/p>\n<h3><span style=\"font-size: 16px; line-height: 26px;\"><img loading=\"lazy\" class=\"size-thumbnail wp-image-3722 alignleft\" src=\"http:\/\/dorate.com.tr\/wp-content\/uploads\/2016\/03\/hizmetler_geri_don-150x150.png\" alt=\"hizmetler_geri_don\" width=\"150\" height=\"150\" \/>\u00c7\u00f6p Toplama &#8211; Geri D\u00f6n\u00fc\u015f\u00fcm Hizmetleri<\/span><\/h3>\n<p><a class=\"box-more\" href=\"#\">Read more<span class=\"icon-arrow-right2\"><\/span><\/a><\/div><\/div><\/div><\/div><div class=\"sep-wrap left nz-clearfix\"><div class=\"nz-separator solid\" style=\"border-bottom-color:#eeeeee;width:100%;border-bottom-style:solid;margin-top:20px;margin-bottom:20px;\">&nbsp;<\/div><\/div><div class=\"nz-content-box nz-clearfix animate-fade\" data-columns=\"3\" data-animate=\"true\"><div id=\"nz-box-4\" class=\"  nz-box animate-item\"><div class=\"nz-box-wrap\"><style>#nz-box-4 .box-icon {color:#c2c2c2;}#nz-box-4:hover .box-icon {color:#90c847 !important;}<\/style><div class=\"box-data\"><\/p>\n<h3><span style=\"font-size: 16px; line-height: 26px;\"><img loading=\"lazy\" class=\"alignleft size-thumbnail wp-image-3724\" src=\"http:\/\/dorate.com.tr\/wp-content\/uploads\/2016\/03\/hizmetler_temizlik-150x150.png\" alt=\"hizmetler_temizlik\" width=\"150\" height=\"150\" \/>A\u00e7\u0131k Ve Kapal\u0131 Alan Malzemeli -Malzemesiz Temizlik  Hizmetleri<\/span><\/h3>\n<p><a class=\"box-more\" href=\"#\">Read more<span class=\"icon-arrow-right2\"><\/span><\/a><\/div><\/div><\/div><div id=\"nz-box-5\" class=\"  nz-box animate-item\"><div class=\"nz-box-wrap\"><style>#nz-box-5 .box-icon {color:#c2c2c2;}#nz-box-5:hover .box-icon {color:#90c847 !important;}<\/style><div class=\"box-data\"><\/p>\n<h3><span style=\"font-size: 16px; line-height: 26px;\"><img loading=\"lazy\" class=\"alignleft size-thumbnail wp-image-3726\" src=\"http:\/\/dorate.com.tr\/wp-content\/uploads\/2016\/03\/hizmetler_ilaclama-150x150.png\" alt=\"hizmetler_ilaclama\" width=\"150\" height=\"150\" \/>Halk Sa\u011fl\u0131\u011f\u0131 Alan\u0131nda \u0130la\u00e7lama Ve Vekt\u00f6rel Mucadele Hizmetleri <\/span><\/h3>\n<p><a class=\"box-more\" href=\"#\">Read more<span class=\"icon-arrow-right2\"><\/span><\/a><\/div><\/div><\/div><div id=\"nz-box-6\" class=\"  nz-box animate-item\"><div class=\"nz-box-wrap\"><style>#nz-box-6 .box-icon {color:#c2c2c2;}#nz-box-6:hover .box-icon {color:#90c847 !important;}<\/style><div class=\"box-data\"><\/p>\n<h3><span style=\"font-size: 16px; line-height: 26px;\"><img loading=\"lazy\" class=\"alignleft size-thumbnail wp-image-3728\" src=\"http:\/\/dorate.com.tr\/wp-content\/uploads\/2016\/03\/heart-icon-150x150.png\" alt=\"heart-icon\" width=\"150\" height=\"150\" \/>\u0130\u015f Yeri Hekimi &#8211; \u0130sgb- Att- Servis Eleman\u0131- Hasta Kabul-Sa\u011fl\u0131k Hizmetleri<\/span><\/h3>\n<p><a class=\"box-more\" href=\"#\">Read more<span class=\"icon-arrow-right2\"><\/span><\/a><\/div><\/div><\/div><\/div>[\/vc_column][\/vc_row]<\/p>\n","protected":false},"excerpt":{"rendered":"<p>[vc_row][vc_column][vc_column_text] [\/vc_column_text][\/vc_column][\/vc_row][vc_row padding_top=&#8221;100&#8243; padding_bottom=&#8221;0&#8243;][vc_column width=&#8221;1\/3&#8243;][\/vc_column][vc_column width=&#8221;1\/3&#8243;][\/vc_column][vc_column width=&#8221;1\/3&#8243;][\/vc_column][\/vc_row][vc_row background_color=&#8221;#fafafa&#8221; padding_top=&#8221;100&#8243; padding_bottom=&#8221;50&#8243;][vc_column][\/vc_column][\/vc_row]<\/p>\n","protected":false},"author":1,"featured_media":0,"parent":0,"menu_order":0,"comment_status":"closed","ping_status":"closed","template":"","meta":[],"_links":{"self":[{"href":"https:\/\/kayagrouptower.com.tr\/index.php?rest_route=\/wp\/v2\/pages\/3696"}],"collection":[{"href":"https:\/\/kayagrouptower.com.tr\/index.php?rest_route=\/wp\/v2\/pages"}],"about":[{"href":"https:\/\/kayagrouptower.com.tr\/index.php?rest_route=\/wp\/v2\/types\/page"}],"author":[{"embeddable":true,"href":"https:\/\/kayagrouptower.com.tr\/index.php?rest_route=\/wp\/v2\/users\/1"}],"replies":[{"embeddable":true,"href":"https:\/\/kayagrouptower.com.tr\/index.php?rest_route=%2Fwp%2Fv2%2Fcomments&post=3696"}],"version-history":[{"count":4,"href":"https:\/\/kayagrouptower.com.tr\/index.php?rest_route=\/wp\/v2\/pages\/3696\/revisions"}],"predecessor-version":[{"id":3876,"href":"https:\/\/kayagrouptower.com.tr\/index.php?rest_route=\/wp\/v2\/pages\/3696\/revisions\/3876"}],"wp:attachment":[{"href":"https:\/\/kayagrouptower.com.tr\/index.php?rest_route=%2Fwp%2Fv2%2Fmedia&parent=3696"}],"curies":[{"name":"wp","href":"https:\/\/api.w.org\/{rel}","templated":true}]}}