{"id":3704,"date":"2016-11-26T03:36:15","date_gmt":"2016-11-26T03:36:15","guid":{"rendered":"http:\/\/kayagrouptower.com.tr\/?page_id=3704"},"modified":"2016-11-29T13:59:19","modified_gmt":"2016-11-29T13:59:19","slug":"peyzaj-ve-mimarlik-hizmetleri","status":"publish","type":"page","link":"https:\/\/kayagrouptower.com.tr\/?page_id=3704","title":{"rendered":"Peyzaj Ve Mimarl\u0131k Hizmetleri"},"content":{"rendered":"<p>[vc_row][vc_column width=&#8221;1\/4&#8243;][vc_single_image image=&#8221;3716&#8243; img_size=&#8221;large&#8221; style=&#8221;vc_box_shadow_3d&#8221;][vc_single_image image=&#8221;3715&#8243; img_size=&#8221;large&#8221; style=&#8221;vc_box_shadow_3d&#8221;][vc_single_image image=&#8221;3714&#8243; img_size=&#8221;large&#8221; style=&#8221;vc_box_shadow_3d&#8221;][\/vc_column][vc_column width=&#8221;3\/4&#8243;][vc_custom_heading text=&#8221;Peyzaj Ve Mimarl\u0131k Hizmetleri<br \/>\n&#8221; google_fonts=&#8221;font_family:Montserrat%3Aregular%2C700|font_style:400%20regular%3A400%3Anormal&#8221;][vc_column_text]<strong>Peyzaj mimarl\u0131\u011f\u0131<\/strong><\/p>\n<p>Ba\u015fl\u0131\u011f\u0131n di\u011fer anlamlar\u0131 i\u00e7in Peyzaj (anlam ayr\u0131m\u0131) sayfas\u0131na bak\u0131n\u0131z.<br \/>\nNew York \u015fehrinde yer alan Central Park b\u00fcy\u00fck bir alan\u0131n peyzaj d\u00fczenlemesine iyi bir \u00f6rnektir<br \/>\nParis\u2019in hemen d\u0131\u015f\u0131nda yer alan Versay Saray\u0131\u2019ndan peyzaj d\u00fczenlemesi<\/p>\n<p>Peyzaj mimarl\u0131\u011f\u0131, do\u011fal ve k\u00fclt\u00fcrel kaynaklar\u0131 ve fiziksel \u00e7evreyi insan yarar\u0131, mutlulu\u011fu, g\u00fcvenli\u011fi, sa\u011fl\u0131\u011f\u0131 ve konforu i\u00e7in estetik ve bilimsel ilkeler \u00e7er\u00e7evesinde ele alan, mekan ve ya\u015fam ortam\u0131 olu\u015fturan, biyo\u00e7e\u015fitlili\u011fi destekleyen arazi planlamas\u0131, tasar\u0131m\u0131, y\u00f6netimi, korunmas\u0131, onar\u0131lmas\u0131 ve denetlenmesi konular\u0131n\u0131 kapsayan e\u011fitim, ara\u015ft\u0131rmalar yapan ve \u00fclkesel, b\u00f6lgesel, kentsel ve k\u0131rsal \u00f6l\u00e7ekte fiziksel planlar i\u00e7erisinde yer alarak k\u00fclt\u00fcrel ve do\u011fal de\u011ferlerin korunmas\u0131 ve s\u00fcrd\u00fcr\u00fclebilirlik ad\u0131na ekolojik \u00f6ncelikli projeler \u00fcretilmesini sa\u011flayan bir planlama ve tasar\u0131m dal\u0131d\u0131r.<\/p>\n<p>Bug\u00fcn, yeni milenyum e\u015fi\u011finde, insano\u011flunun do\u011fal ortam\u0131 ve ta\u015f\u0131ma kapasitesiyle ilgili riskler ve ciddi sorunlar, gelecek yolunda belirleyici bir noktada duruyor. Peyzaj mimarl\u0131\u011f\u0131 do\u011fal \u00e7evrenin korunmas\u0131 y\u00f6n\u00fcnde \u015fehir, kasaba ve k\u00f6ylerde insanc\u0131l yap\u0131l\u0131 bir \u00e7evrenin geli\u015ftirilmesi ve canl\u0131l\u0131\u011f\u0131n\u0131n s\u00fcrd\u00fcr\u00fclmesine katk\u0131da bulunmak \u00fczerine denir.<\/p>\n<p>Peyzaj mimarl\u0131\u011f\u0131, yap\u0131 \u00fcretim s\u00fcrecinde d\u0131\u015f\u0131nda kalan t\u00fcm alanlar\u0131n (yap\u0131 \u00e7evresi) yap\u0131 ruhsat a\u015famas\u0131ndan, kentsel ve k\u0131rsal alanlardan \u00fclke \u00f6l\u00e7e\u011fine kadar m\u00fccavir alan i\u00e7inde kalan veya kalmayan uygulamalar\u0131n g\u00fcr\u00fclt\u00fc, ayd\u0131nlatma, enerji, g\u00fcvenlik, do\u011fal afetler, felaketlere kar\u015f\u0131, estetik fakt\u00f6rleri g\u00f6zeterek standartlara uygun mekansal alanlar\u0131n olu\u015fturulmas\u0131, planlanmas\u0131 ve ekolojik olarak kurgulanmas\u0131, tasarlanmas\u0131, planlanmas\u0131, peyzaj projelerinin projelendirilmesidir.<\/p>\n<p>Peyzaj mimarl\u0131\u011f\u0131 h\u00fck\u00fcmetlerin yerel geli\u015fmelerini d\u00fczene koyarak, yap\u0131sal tasar\u0131mlar\u0131 ve bitkilendirmeyi dengeleyerek afetlere, felaketlere g\u00fcvenli mekanlar olu\u015fturan bunun sonucunda \u00fclke ekonomisine sa\u011fl\u0131k, \u00e7evre, sosyal..vb. konularda pozitif etkiler sa\u011flayan binalar ve \u00e7evreye olan uyuma, korunmas\u0131na, devaml\u0131l\u0131\u011f\u0131na, s\u00fcrd\u00fcr\u00fclebilirli\u011fine g\u00f6re tasar\u0131mlar ve planlamalar yaparak y\u00f6n vermektedir.<\/p>\n<p>\u00dclkesel kapsamdan yerel boyutlara de\u011fin, do\u011fal de\u011ferlerin korunmas\u0131 ve geli\u015ftirilmesini \u00f6n planda tutan ekolojik planlama sisteminin kar\u015f\u0131l\u0131\u011f\u0131 olan peyzaj planlar\u0131d\u0131r.<\/p>\n<p>Peyzaj tasar\u0131m\u0131; kentsel yerle\u015fimlerin bir b\u00f6l\u00fcm\u00fcn\u00fc ya da b\u00fct\u00fcn\u00fcn\u00fc kapsayan kentsel tasar\u0131m ve kent yenileme \u00e7al\u0131\u015fmalar\u0131n\u0131 y\u00fcr\u00fct\u00fcr.Topluma a\u00e7\u0131k ye\u015fil alanlar\u0131n (parklar, meydanlar, dinlenme alanlar\u0131, yaya yolu ve b\u00f6lgesi, k\u0131y\u0131 bantlar\u0131, botanik bah\u00e7eleri, hayvanat bah\u00e7eleri, \u00e7ocuk bah\u00e7eleri, oyun alanlar\u0131 spor alanlar\u0131, otopark vb.) yap\u0131sal ve bitkisel tasar\u0131m\u0131n\u0131 yapar, uygulama ve bak\u0131m\u0131n\u0131 y\u00fcr\u00fct\u00fcr.Toplu konut alanlar\u0131 ve toplu kullan\u0131m ortamlar\u0131nda (\u00fcniversite kamp\u00fcsleri, al\u0131\u015fveri\u015f merkezleri, toplu i\u015fyerleri vb.) bitkisel ve yap\u0131sal tasar\u0131m, uygulama ve bak\u0131m \u00e7al\u0131\u015fmalar\u0131n\u0131 yapar.Turizm ve dinlenme tesisleri, e\u011flence tesisleri (lunapark, aquapark vb.) ve su k\u0131y\u0131s\u0131 rekreasyon tesislerinin yap\u0131sal ve bitkisel tasar\u0131m\u0131n\u0131 yapar, uygular ve bak\u0131m\u0131n\u0131 y\u00fcr\u00fct\u00fcr.Tar\u0131msal ama\u00e7l\u0131 \u00e7iftlik ve hobi bah\u00e7eleri tasarlar, uygular ve bak\u0131m\u0131n\u0131 y\u00fcr\u00fct\u00fcr.<\/p>\n<p>Peyzaj planlama; do\u011fal ve k\u00fclt\u00fcrel s\u00fcre\u00e7lerin ve kaynaklar\u0131n tan\u0131mlad\u0131\u011f\u0131 ya\u015fam ortamlar\u0131n\u0131n, koruma-kullan\u0131m dengesinin sa\u011flanmas\u0131 ile kentsel, k\u0131rsal ve end\u00fcstriyel, turistik ve benzeri kullan\u0131mlarda var olan ve olas\u0131 \u00e7evre sorunlar\u0131n\u0131n giderilmesi ve \u00f6nlenmesi temelinde, kamu ve toplum yarar\u0131n\u0131 g\u00f6zeterek a\u00e7\u0131k ve\/veya ye\u015fil alanlar\u0131n olu\u015fturulmas\u0131nda, koruma, onar\u0131m, yenileme, restorasyon ve y\u00f6netimi ile plan ve projelerin uygulanmas\u0131n\u0131 i\u00e7eren ve s\u00fcrd\u00fcr\u00fclmesi temelinde alan kullan\u0131m projeleri \u00fcreten planlamad\u0131r.<\/p>\n<p>Korunacak alanlar\u0131n belirlenmesi \u00e7al\u0131\u015fmalar\u0131n\u0131 y\u00fcr\u00fct\u00fcr, koruma alan\u0131 stat\u00fcs\u00fcndeki yerlerin(milli parklar, tarihi ve arkeolojik alanlar vb.) geli\u015fme ve y\u00f6netim planlar\u0131n\u0131 yapar.<\/p>\n<p>Sulak alanlar, akarsu koridorlar\u0131, maden ocaklar\u0131, kat\u0131 at\u0131k depolama alanlar\u0131, ormanlar gibi insanlar taraf\u0131ndan tahrip edilmi\u015f veya edilmekte olan alanlar\u0131n s\u00fcrd\u00fcr\u00fclebilirli\u011fi ve onar\u0131m\u0131 i\u00e7in planlama yapar.<\/p>\n<p>Turizm alanlar\u0131n fiziksel planlamalar\u0131nda do\u011fal ve k\u00fclt\u00fcrel de\u011ferlerin korunmas\u0131 i\u00e7in ekolojik \u00f6ncelikli planlar\u0131 haz\u0131rlar.<\/p>\n<p>Peyzaj planlama ve tasar\u0131mda ekolojik s\u0131n\u0131flama-Peyzaj S\u0131n\u0131flar\u0131\/Do\u011fal vejetasyon potansiyeli ile iklim, toprak ko\u015fullar\u0131, morfolojik ve jeolojik yap\u0131, su ili\u015fkileri gibi nitelik ya da etmenler (Mikro-klimatik alanlar, bak\u0131lar, morfolojik yap\u0131y\u0131 inceler.) g\u00f6z \u00f6n\u00fcnde bulundurularak planlama ve tasar\u0131m yap\u0131l\u0131r ve bu etmenler son derece \u00f6nemli yer te\u015fkil eder.<\/p>\n<p>Peyzaj m\u00fchendisli\u011fi, ekolojik \u00f6l\u00e7\u00fctler do\u011frultusunda araziyi ve suyu \u015fekillendirmek i\u00e7in matematik ve bilimin uygulamas\u0131d\u0131r. Ayr\u0131ca ye\u015fil m\u00fchendislik diye tariflenebilir ama peyzaj m\u00fchendisli\u011fi i\u00e7in bilinen en iyi tasar\u0131m profesyonelleri peyzaj mimar\u0131d\u0131r.Peyzaj m\u00fchendisli\u011fi, antropojenik peyzaj\u0131n yarat\u0131lmas\u0131 ve tasarlanmas\u0131 i\u00e7in m\u00fchendislik ve di\u011fer bilimlerin disiplinler aras\u0131 uygulamas\u0131d\u0131r. Bu farkl\u0131l\u0131k geleneksel olarak alan\u0131n, arazinin yeniden \u0131slah\u0131, iyile\u015ftirilmesi, yeniden kullan\u0131m\u0131n\u0131 ve geri kazan\u0131m\u0131n\u0131 kapsamaktad\u0131r.<\/p>\n<p>Arazi bi\u00e7imlendirme(gradding) ile parsel i\u00e7i kot \u00e7\u00f6z\u00fcmleri, ya\u011fmur suyu y\u00f6netimi, otopark alanlar\u0131 \u00e7\u00f6z\u00fcmleri, bina ula\u015f\u0131m yollar\u0131&#8230;vb yap\u0131sal projeleri kapsar. Yal\u0131t\u0131m malzemelerinin bilinmesi, \u00e7e\u015fitlendirilmesi, drenaj(su uzakla\u015ft\u0131rma) sistemleri ve malzemeleri, cephelerin mimariyle birlikte \u00e7\u00f6z\u00fcmlenmesi, yap\u0131 elemanlar\u0131, dilatasyon \u00e7\u00f6z\u00fcmleri, statikle ba\u011flant\u0131l\u0131 ankraj ayr\u0131nt\u0131lar\u0131, bah\u00e7e, teras veya balkonlardaki toprak y\u00fcklerinin hesaplanmas\u0131, \u00e7at\u0131lara ve teraslara gelen y\u00fcklerin hesaplanmas\u0131 uygun detay projelerinin olu\u015fturulmas\u0131, uluslararas\u0131 standartlara uygun otopark \u00e7\u00f6z\u00fcmleri ve otopark \u00fczerinde toprak \u00fczerinde \u00e7al\u0131\u015fmalar, g\u00fcne\u015f kontrol\u00fc, r\u00fczgar kontrol\u00fc, bitkilerin yap\u0131lara verece\u011fi zararlar \u00f6nlenmesi, istinat duvar\u0131 \u00e7al\u0131\u015fmalar\u0131, cephe suyu, bitkilere zemin olu\u015fturma, iklimlendirme, vaziyet planlar\u0131nda kot \u00e7\u00f6z\u00fcmleri, geri d\u00f6n\u00fc\u015f\u00fcml\u00fc malzemeler, gri su ve at\u0131k su kullan\u0131m\u0131, g\u00fcne\u015f ve r\u00fczgar enerjisi kullan\u0131m\u0131&#8230;vb. peyzaj m\u00fchendisli\u011finin \u00e7al\u0131\u015fma alanlar\u0131d\u0131r.<\/p>\n<p>Peyzaj onar\u0131m\u0131; peyzaj bozulmas\u0131, peyzaj onar\u0131m\u0131 ve peyzaj onar\u0131m tekni\u011fi, peyzaj onar\u0131m\u0131nda kitle hareketlerine, y\u00fczeysel ve oyuntu erozyonuna, yatak erozyonuna, sel ve ta\u015fk\u0131na ve \u00e7\u0131\u011f zararlar\u0131na kar\u015f\u0131 teknik ve biyoteknik \u00f6nlemler, yer\u00fcst\u00fc maden alanlar\u0131n\u0131n iyile\u015ftirilmesini kapsar.Peyzaj onar\u0131m\u0131 bozulan arazinin yeniden ekonomik ve ekolojik de\u011ferine ula\u015f\u0131lmas\u0131 ve arazi kullan\u0131m planlamas\u0131 ile ili\u015fkilidir.\u00c7evre kirlenmesi, arazi bozunumu gibi \u00e7evre sorunlar\u0131n\u0131n giderilmesi, bozulan yerlerin onar\u0131m\u0131 ve \u00e7evre kalitesinin y\u00fckseltilmesi i\u00e7in karayollar\u0131, maden ocaklar\u0131, hareketli kumul alanlar\u0131, havzalar, deniz k\u0131y\u0131 kirlili\u011fi, dere kenarlar\u0131, batakl\u0131klar, kat\u0131 at\u0131k depo alanlar\u0131, tahrip olmu\u015f tar\u0131m alanlar\u0131, tahrip olmu\u015f orman alanlar\u0131 gibi ortamlarda gerekli planlama, yap\u0131sal ve bitkisel tasar\u0131m, m\u00fchendislik, uygulama ve dan\u0131\u015fmanl\u0131k hizmetlerini y\u00fcr\u00fct\u00fcr.<\/p>\n<p>Peyzaj y\u00f6netimi; kentsel veya k\u0131rsal peyzaj y\u00f6netimi konular\u0131nda fikir \u00fcretimi, projelendirme, uygulama, izleme, denetleme ve dan\u0131\u015fmanl\u0131k hizmetlerini y\u00fcr\u00fct\u00fcr.K\u0131rsal yerle\u015fim kalk\u0131nma programlar\u0131nda yer al\u0131r ve k\u00f6y yenileme \u00e7al\u0131\u015fmalar\u0131 yapar.B\u00f6lge, y\u00f6re ve havza y\u00f6netimi \u00e7al\u0131\u015fmalar\u0131nda yer al\u0131r.<\/p>\n<p>Peyzaj mimarl\u0131\u011f\u0131, bina d\u0131\u015f\u0131nda kalan alanlar\u0131n mekan, hacim ve y\u00fczeylerin mimari standartlarla birlikte ekonomik, estetik, m\u00fchendislik ve bilimsel \u00e7\u00f6z\u00fcmler \u0131\u015f\u0131\u011f\u0131nda planlanmas\u0131 ve tasarlanmas\u0131n\u0131 de\u011ferlendiren yap\u0131 sistemlerine uygun fiziksel projeler \u00fcreten, fiziksel \u00e7evre kontrol\u00fc konusunda bilgileri kullanan, ayd\u0131nlatma, k\u00fcresel \u0131s\u0131nma ile birlikte iklim kontrol\u00fc, ekonomi \u00e7al\u0131\u015fmalar\u0131na katk\u0131da bulunan \u00e7\u00f6z\u00fcmler \u00fcreten, etkin enerjinin kullan\u0131m\u0131, suyun kullan\u0131m\u0131 ve alan planlamas\u0131&#8230;vb. do\u011fal ve k\u00fclt\u00fcrel alanlar\u0131 harmanlayarak insan odakl\u0131 e\u015fsiz do\u011fa ko\u015fullar\u0131 olu\u015fturur.<\/p>\n<p>Kent i\u00e7inde peyzaj b\u00fct\u00fcnseldir. Mimarinin yap\u0131s\u0131ndan ve y\u00fczeyinden, teras ve balkonlarla birlikte kentin arakesitine kadar her yerde yer almaktad\u0131r.<\/p>\n<p>Planlama ve tasar\u0131m s\u00fcrecinde do\u011fal peyzaj materyalleri ve elemanlar\u0131 (otsu, odunsu, su, mevsimlik ve yer\u00f6t\u00fcc\u00fc bitkiler, \u00e7im, \u00e7al\u0131lar, a\u011fa\u00e7\u00e7\u0131klar, a\u011fa\u00e7lar gibi.) canl\u0131 materyaller kullan\u0131l\u0131r; ayr\u0131ca yap\u0131 sistemlerini olu\u015fturan (ah\u015fap, beton, ta\u015f, toprak, heykel, r\u00fczgar, ses, renk, koku, \u0131\u015f\u0131k, g\u00f6lge, tu\u011fla, \u00e7ak\u0131l, kaya, cam, traverten, heykel, metal, demir, kum, mineraller gibi.) cans\u0131z malzemeler ve di\u011fer fakt\u00f6rler kullan\u0131l\u0131r. Ayr\u0131ca peyzaj yap\u0131lar\u0131 kapsam\u0131nda yol, otopark, park, yaya b\u00f6lgesi, kald\u0131r\u0131m, \u00e7ocuk oyun alanlar\u0131, ye\u015fil alanlar gibi yerler ile bunlar \u00fczerindeki kamu hizmetlerinin y\u00fcr\u00fct\u00fclebilmesi i\u00e7in gerekli b\u00fcfe, trafo merkezi gibi tesisleri, ula\u015f\u0131m ve haberle\u015fme noktalar\u0131, sinyalizasyon ve ayd\u0131nlatma elemanlar\u0131, \u00e7\u00f6p kutusu, bank, reklam ve bilgilendirme levha ve panolar\u0131 gibi kent mobilyalar\u0131 ile kamusal mekanlar\u0131n ve cephelerin d\u00fczenlenmesi projelerinde yer alarak yap\u0131sal peyzaj elemanlar\u0131na ait projelerinin (kentsel donat\u0131lar) haz\u0131rlanmas\u0131nda aktif olarak yer al\u0131rlar.<\/p>\n<p>Peyzaj mimarl\u0131\u011f\u0131 ba\u015fta bilim, m\u00fchendislik, teknoloji, mimarl\u0131k, mekan ve hacim sanatlar\u0131 olmak \u00fczere bir\u00e7ok sanat dallar\u0131n\u0131 bir araya getirerek alan tasar\u0131m\u0131, planlamas\u0131 ve y\u00f6netimi ile u\u011fra\u015fan koordineli bir meslek disiplinidir.Peyzaj mimarl\u0131\u011f\u0131 mesle\u011fini uygulayan ki\u015fiye Peyzaj mimar\u0131 denir.Peyzajlar\u0131n ekolojik sa\u011fl\u0131\u011f\u0131n\u0131n s\u00fcrd\u00fcr\u00fclebilirli\u011fini, korunmas\u0131n\u0131, geli\u015fmesini ve y\u00f6netimini peyzaj mimar\u0131 sa\u011flar.<\/p>\n<p>Peyzaj mimar\u0131nda olmas\u0131 beklenenler, aranan \u00f6zellikler; m\u00fchendislik ve mimarl\u0131k disiplini gerekleri, bilim, teknoloji, sanat, ekonomi, matematik, botanik, co\u011frafya, jeomorfoloji, toprak, ekoloji ve bilgisayar bilgileri alanlar\u0131na yak\u0131ndan ilgili ve bunun yan\u0131nda do\u011fal-k\u00fclt\u00fcrel \u00e7evreyi alg\u0131layan, tasar\u0131m ve planlama yetenekleri mant\u0131\u011f\u0131 \u00fczerine becerileri olan, ekonomik ve estetik g\u00f6r\u00fc\u015f\u00fce sahip, k\u00fclt\u00fcrel altyap\u0131y\u0131 sorgulayan, yarat\u0131c\u0131 ve \u00fc\u00e7 boyutlu d\u00fc\u015f\u00fcnme becerisine sahip ki\u015filer olmas\u0131 beklenir.[\/vc_column_text][\/vc_column][\/vc_row]<\/p>\n","protected":false},"excerpt":{"rendered":"<p>[vc_row][vc_column width=&#8221;1\/4&#8243;][vc_single_image image=&#8221;3716&#8243; img_size=&#8221;large&#8221; style=&#8221;vc_box_shadow_3d&#8221;][vc_single_image image=&#8221;3715&#8243; img_size=&#8221;large&#8221; style=&#8221;vc_box_shadow_3d&#8221;][vc_single_image image=&#8221;3714&#8243; img_size=&#8221;large&#8221; style=&#8221;vc_box_shadow_3d&#8221;][\/vc_column][vc_column width=&#8221;3\/4&#8243;][vc_custom_heading text=&#8221;Peyzaj Ve Mimarl\u0131k Hizmetleri &#8221; google_fonts=&#8221;font_family:Montserrat%3Aregular%2C700|font_style:400%20regular%3A400%3Anormal&#8221;][vc_column_text]Peyzaj mimarl\u0131\u011f\u0131 Ba\u015fl\u0131\u011f\u0131n di\u011fer anlamlar\u0131 i\u00e7in Peyzaj (anlam ayr\u0131m\u0131) sayfas\u0131na bak\u0131n\u0131z. New York \u015fehrinde yer alan Central Park b\u00fcy\u00fck bir alan\u0131n peyzaj d\u00fczenlemesine iyi bir \u00f6rnektir Paris\u2019in hemen d\u0131\u015f\u0131nda yer alan Versay Saray\u0131\u2019ndan peyzaj d\u00fczenlemesi Peyzaj mimarl\u0131\u011f\u0131, do\u011fal [&hellip;]<\/p>\n","protected":false},"author":1,"featured_media":0,"parent":3696,"menu_order":0,"comment_status":"closed","ping_status":"closed","template":"","meta":[],"_links":{"self":[{"href":"https:\/\/kayagrouptower.com.tr\/index.php?rest_route=\/wp\/v2\/pages\/3704"}],"collection":[{"href":"https:\/\/kayagrouptower.com.tr\/index.php?rest_route=\/wp\/v2\/pages"}],"about":[{"href":"https:\/\/kayagrouptower.com.tr\/index.php?rest_route=\/wp\/v2\/types\/page"}],"author":[{"embeddable":true,"href":"https:\/\/kayagrouptower.com.tr\/index.php?rest_route=\/wp\/v2\/users\/1"}],"replies":[{"embeddable":true,"href":"https:\/\/kayagrouptower.com.tr\/index.php?rest_route=%2Fwp%2Fv2%2Fcomments&post=3704"}],"version-history":[{"count":3,"href":"https:\/\/kayagrouptower.com.tr\/index.php?rest_route=\/wp\/v2\/pages\/3704\/revisions"}],"predecessor-version":[{"id":3713,"href":"https:\/\/kayagrouptower.com.tr\/index.php?rest_route=\/wp\/v2\/pages\/3704\/revisions\/3713"}],"up":[{"embeddable":true,"href":"https:\/\/kayagrouptower.com.tr\/index.php?rest_route=\/wp\/v2\/pages\/3696"}],"wp:attachment":[{"href":"https:\/\/kayagrouptower.com.tr\/index.php?rest_route=%2Fwp%2Fv2%2Fmedia&parent=3704"}],"curies":[{"name":"wp","href":"https:\/\/api.w.org\/{rel}","templated":true}]}}