{"id":3719,"date":"2016-11-26T04:20:20","date_gmt":"2016-11-26T04:20:20","guid":{"rendered":"http:\/\/kayagrouptower.com.tr\/?page_id=3719"},"modified":"2016-11-29T13:54:55","modified_gmt":"2016-11-29T13:54:55","slug":"geri-donusum-hizmetleri","status":"publish","type":"page","link":"https:\/\/kayagrouptower.com.tr\/?page_id=3719","title":{"rendered":"Geri D\u00f6n\u00fc\u015f\u00fcm Hizmetleri"},"content":{"rendered":"<p>[vc_row][vc_column width=&#8221;1\/4&#8243;][vc_single_image image=&#8221;3724&#8243; img_size=&#8221;large&#8221; style=&#8221;vc_box_shadow_3d&#8221;][vc_single_image image=&#8221;3723&#8243; img_size=&#8221;large&#8221; style=&#8221;vc_box_shadow_3d&#8221;][vc_single_image image=&#8221;3722&#8243; img_size=&#8221;large&#8221; style=&#8221;vc_box_shadow_3d&#8221;][\/vc_column][vc_column width=&#8221;3\/4&#8243;][vc_custom_heading text=&#8221;\u00c7\u00d6P TOPLAMA &#8211; GER\u0130 D\u00d6N\u00dc\u015e\u00dcM H\u0130ZMETLER\u0130<br \/>\n&#8221; google_fonts=&#8221;font_family:Montserrat%3Aregular%2C700|font_style:400%20regular%3A400%3Anormal&#8221;][vc_column_text]Geri D\u00f6n\u00fc\u015f\u00fcm, Geri D\u00f6n\u00fc\u015f\u00fcm Nedir?<\/p>\n<p>\u0130nsano\u011flu taraf\u0131ndan t\u00fcketilen at\u0131klardan, de\u011ferlendirilebilen at\u0131klar \u00e7e\u015fitli fiziksel veya kimyasal i\u015flemlerle ikincil hammaddeye d\u00f6n\u00fc\u015ft\u00fcr\u00fclerek tekrar \u00fcretim s\u00fcrecine d\u00e2hil edilmesine geri d\u00f6n\u00fc\u015f\u00fcm denir. \u0130kinci bir tan\u0131m olarak ta geri d\u00f6n\u00fc\u015f\u00fcm terimini, kullan\u0131m d\u0131\u015f\u0131 kalan geri d\u00f6n\u00fc\u015ft\u00fcr\u00fclebilir at\u0131k malzemelerin \u00e7e\u015fitli geri d\u00f6n\u00fc\u015f\u00fcm y\u00f6ntemleri ile hammadde olarak tekrar imalat s\u00fcre\u00e7lerine kazand\u0131r\u0131lmas\u0131 olarak a\u00e7\u0131klayabiliriz.<\/p>\n<p>Geri d\u00f6n\u00fc\u015febilen maddeler; cam, ka\u011f\u0131t, al\u00fcminyum, plastik, piller, motor ya\u011f\u0131, ak\u00fcm\u00fclat\u00f6rler, beton, organik at\u0131klar ve elektronik at\u0131klard\u0131r.<\/p>\n<p>Geri D\u00f6n\u00fc\u015f\u00fcm\u00fcn Yararlar\u0131 Nelerdir?<br \/>\nT\u00fcketti\u011fimiz maddeleri yeniden d\u00f6n\u00fc\u015f\u00fcm halkas\u0131 i\u00e7ine katabildi\u011fimiz zaman \u00f6ncelikle bunlar\u0131n tekrar ham madde olarak kullan\u0131lmas\u0131n\u0131 sa\u011flam\u0131\u015f oluruz. B\u00f6ylece insan n\u00fcfusunun art\u0131\u015f\u0131 ile paralel olarak artan t\u00fcketimin do\u011fal dengeyi bozmas\u0131 do\u011fadan ald\u0131klar\u0131m\u0131z\u0131 tekrar do\u011faya vererek azda olsa engellenmi\u015f olur. Bununla birlikte yeniden d\u00f6n\u00fc\u015ft\u00fcr\u00fclebilen maddelerin tekrar ham madde olarak kullan\u0131lmas\u0131 b\u00fcy\u00fck miktarda enerji tasarrufunu m\u00fcmk\u00fcn k\u0131lar. Bir \u00f6rnek vermek gerekirse yeniden kazan\u0131labilir al\u00fcminyumun kullan\u0131lmas\u0131 al\u00fcminyumun s\u0131f\u0131rdan imal edilmesine oranla %35&#8217;e varan enerji tasarrufu sa\u011flamaktad\u0131r.<\/p>\n<p>\u00c7\u00f6pteki nesneleri ham madde olarak kulland\u0131\u011f\u0131m\u0131z vakit \u00e7evre kirlili\u011finin her ge\u00e7en g\u00fcn artmas\u0131n\u0131 da \u00f6nleyebiliriz. Hurda ka\u011f\u0131d\u0131 tekrar ka\u011f\u0131t imalat\u0131nda kulland\u0131\u011f\u0131m\u0131zda hava kirlili\u011fini %74-94, su kirlili\u011fini %35, su kullan\u0131m\u0131n\u0131 %45 azalt\u0131yoruz. \u00c7evremize-do\u011faya, \u00fclke ekonomisine ve de kendimize olan sorumlulu\u011fumuzdan dolay\u0131 g\u00fcn\u00fcm\u00fczde hepimizin yeniden d\u00f6n\u00fc\u015f\u00fcm projesi i\u00e7inde yer almas\u0131 gerekmektedir.<\/p>\n<p>Geri D\u00f6n\u00fc\u015f\u00fcm\u00fcn Faydalar\u0131n\u0131 A\u015fa\u011f\u0131daki ba\u015fl\u0131klar alt\u0131nda \u00f6zetleyebiliriz.<\/p>\n<p>A- Do\u011fal kaynaklar\u0131m\u0131z korunur:<br \/>\nKullan\u0131lm\u0131\u015f ambalaj ve benzeri de\u011ferlendirilebilir at\u0131klar\u0131n bir hammadde kayna\u011f\u0131 olarak kullan\u0131lmas\u0131, yerine kullan\u0131ld\u0131\u011f\u0131 malzeme i\u00e7in t\u00fcketilmesi gereken hammaddenin veya do\u011fal kayna\u011f\u0131n korunmas\u0131 gibi \u00f6nemli bir tasarrufu do\u011furur. Do\u011fal kaynaklar\u0131m\u0131z, d\u00fcnya n\u00fcfusunun ve t\u00fcketimin artmas\u0131 sebebi ile her ge\u00e7en g\u00fcn azalmaktad\u0131r. Bu nedenle do\u011fal kaynaklar\u0131m\u0131z\u0131n daha verimli bir \u015fekilde kullan\u0131lmas\u0131 gerekmektedir.<\/p>\n<p>B- Enerji tasarrufu sa\u011flan\u0131r:<br \/>\nGeri d\u00f6n\u00fc\u015f\u00fcm s\u0131ras\u0131nda uygulanan fiziksel ve kimyasal i\u015flem say\u0131s\u0131, normal \u00fcretim i\u015flemlerine g\u00f6re daha az oldu\u011fu i\u00e7in, geri d\u00f6n\u00fc\u015f\u00fcm ile malzeme \u00fcretilmesinde \u00f6nemli bir enerji tasarrufu sa\u011flan\u0131r. Geri d\u00f6n\u00fc\u015f\u00fcm ile tasarruf edilen enerji miktar\u0131 at\u0131k cins ve bile\u015fimine ba\u011fl\u0131 olarak de\u011fi\u015fmektedir. \u00d6rne\u011fin bir al\u00fcminyum kutunun geri d\u00f6n\u00fc\u015f\u00fcm\u00fc ile %90, ka\u011f\u0131d\u0131n geri d\u00f6n\u00fc\u015f\u00fcm\u00fc ile %60 oran\u0131nda enerji tasarrufu sa\u011fland\u0131\u011f\u0131 bir \u00e7ok uzman taraf\u0131ndan ifade edilmektedir.<\/p>\n<p>C- At\u0131k miktar\u0131 azal\u0131r:<br \/>\nGeri d\u00f6n\u00fc\u015f\u00fcm sayesinde \u00e7\u00f6pl\u00fcklere daha az at\u0131k gider ve buna ek olarak bu at\u0131klar\u0131n ta\u015f\u0131nmas\u0131 ve depolanmas\u0131 kolayla\u015f\u0131r, \u00e7\u00fcnk\u00fc art\u0131k daha az \u00e7\u00f6p alan\u0131 ve daha az enerji gerekmektedir.<\/p>\n<p>D-Geri d\u00f6n\u00fc\u015f\u00fcm ekonomiye katk\u0131 sa\u011flar:<br \/>\nGeri d\u00f6n\u00fc\u015f\u00fcm sayesinde hammaddelerin azalmas\u0131 ve do\u011fal kaynaklar\u0131n t\u00fckenmesi \u00f6nlenecek, b\u00f6ylelikle \u00fclke ekonomisine katk\u0131 sa\u011flanacakt\u0131r.[\/vc_column_text][\/vc_column][\/vc_row]<\/p>\n","protected":false},"excerpt":{"rendered":"<p>[vc_row][vc_column width=&#8221;1\/4&#8243;][vc_single_image image=&#8221;3724&#8243; img_size=&#8221;large&#8221; style=&#8221;vc_box_shadow_3d&#8221;][vc_single_image image=&#8221;3723&#8243; img_size=&#8221;large&#8221; style=&#8221;vc_box_shadow_3d&#8221;][vc_single_image image=&#8221;3722&#8243; img_size=&#8221;large&#8221; style=&#8221;vc_box_shadow_3d&#8221;][\/vc_column][vc_column width=&#8221;3\/4&#8243;][vc_custom_heading text=&#8221;\u00c7\u00d6P TOPLAMA &#8211; GER\u0130 D\u00d6N\u00dc\u015e\u00dcM H\u0130ZMETLER\u0130 &#8221; google_fonts=&#8221;font_family:Montserrat%3Aregular%2C700|font_style:400%20regular%3A400%3Anormal&#8221;][vc_column_text]Geri D\u00f6n\u00fc\u015f\u00fcm, Geri D\u00f6n\u00fc\u015f\u00fcm Nedir? \u0130nsano\u011flu taraf\u0131ndan t\u00fcketilen at\u0131klardan, de\u011ferlendirilebilen at\u0131klar \u00e7e\u015fitli fiziksel veya kimyasal i\u015flemlerle ikincil hammaddeye d\u00f6n\u00fc\u015ft\u00fcr\u00fclerek tekrar \u00fcretim s\u00fcrecine d\u00e2hil edilmesine geri d\u00f6n\u00fc\u015f\u00fcm denir. \u0130kinci bir tan\u0131m olarak ta geri d\u00f6n\u00fc\u015f\u00fcm terimini, kullan\u0131m [&hellip;]<\/p>\n","protected":false},"author":1,"featured_media":0,"parent":3696,"menu_order":0,"comment_status":"closed","ping_status":"closed","template":"","meta":[],"_links":{"self":[{"href":"https:\/\/kayagrouptower.com.tr\/index.php?rest_route=\/wp\/v2\/pages\/3719"}],"collection":[{"href":"https:\/\/kayagrouptower.com.tr\/index.php?rest_route=\/wp\/v2\/pages"}],"about":[{"href":"https:\/\/kayagrouptower.com.tr\/index.php?rest_route=\/wp\/v2\/types\/page"}],"author":[{"embeddable":true,"href":"https:\/\/kayagrouptower.com.tr\/index.php?rest_route=\/wp\/v2\/users\/1"}],"replies":[{"embeddable":true,"href":"https:\/\/kayagrouptower.com.tr\/index.php?rest_route=%2Fwp%2Fv2%2Fcomments&post=3719"}],"version-history":[{"count":3,"href":"https:\/\/kayagrouptower.com.tr\/index.php?rest_route=\/wp\/v2\/pages\/3719\/revisions"}],"predecessor-version":[{"id":3726,"href":"https:\/\/kayagrouptower.com.tr\/index.php?rest_route=\/wp\/v2\/pages\/3719\/revisions\/3726"}],"up":[{"embeddable":true,"href":"https:\/\/kayagrouptower.com.tr\/index.php?rest_route=\/wp\/v2\/pages\/3696"}],"wp:attachment":[{"href":"https:\/\/kayagrouptower.com.tr\/index.php?rest_route=%2Fwp%2Fv2%2Fmedia&parent=3719"}],"curies":[{"name":"wp","href":"https:\/\/api.w.org\/{rel}","templated":true}]}}