{"id":3728,"date":"2016-11-26T04:29:15","date_gmt":"2016-11-26T04:29:15","guid":{"rendered":"http:\/\/kayagrouptower.com.tr\/?page_id=3728"},"modified":"2016-11-26T04:29:15","modified_gmt":"2016-11-26T04:29:15","slug":"temizlik-hizmetleri","status":"publish","type":"page","link":"https:\/\/kayagrouptower.com.tr\/?page_id=3728","title":{"rendered":"Temizlik  Hizmetleri"},"content":{"rendered":"<p>[vc_row][vc_column width=&#8221;1\/4&#8243;][vc_single_image image=&#8221;3731&#8243; img_size=&#8221;large&#8221; style=&#8221;vc_box_shadow_3d&#8221;][vc_single_image image=&#8221;3730&#8243; img_size=&#8221;large&#8221; style=&#8221;vc_box_shadow_3d&#8221;][vc_single_image image=&#8221;3729&#8243; img_size=&#8221;large&#8221; style=&#8221;vc_box_shadow_3d&#8221;][\/vc_column][vc_column width=&#8221;3\/4&#8243;][vc_custom_heading text=&#8221;A\u00c7IK VE KAPALI ALAN MALZEMEL\u0130 -MALZEMES\u0130Z TEM\u0130ZL\u0130K H\u0130ZMETLER\u0130<br \/>\n&#8221; google_fonts=&#8221;font_family:Montserrat%3Aregular%2C700|font_style:400%20regular%3A400%3Anormal&#8221;][vc_column_text]<\/p>\n<ul>\n<li>Kent temizli\u011fi<\/li>\n<li>Bina temizli\u011fi<\/li>\n<li>D\u0131\u015f cephe temizli\u011fi<\/li>\n<li>Bina i\u00e7i temizlik<\/li>\n<li>Duvar temizli\u011fi<\/li>\n<li>Zemin temizli\u011fi<\/li>\n<li>Ortak alanlar\u0131n temizli\u011fi<\/li>\n<li>Oda temizli\u011fi<\/li>\n<li>WC temizli\u011fi<\/li>\n<li>Hijyen<\/li>\n<li>Sterilizasyon<\/li>\n<\/ul>\n<p>Dorate&#8217;un Temizlik Anlay\u0131\u015f\u0131<\/p>\n<p>Dorate i\u00e7in temizlik hizmetleri sadece hijyen sa\u011flamay\u0131 de\u011fil; \u00e7al\u0131\u015fma ve ya\u015fam alan\u0131n\u0131z\u0131n ilk g\u00fcnk\u00fc gibi g\u00f6r\u00fcnmesini sa\u011flayacak bak\u0131m\u0131n\u0131 da kapsayan bir b\u00fct\u00fcnd\u00fcr.<\/p>\n<p>Bu b\u00fct\u00fcnc\u00fcl temizlik hizmetleri kapsam\u0131nda Dorate kalite ve deneyiminden yararlanabilece\u011finiz temizlik alanlar\u0131<\/p>\n<p>Genel temizlik hizmetleri, d\u0131\u015f cephede bulunan alanlar\u0131n temizli\u011fi, camlar\u0131n temizlenmesi, ofis ve i\u015fyeri genel temizlikleri, ev temizli\u011fi; apayr\u0131 bir bran\u015f olan ve deneyim gerektiren end\u00fcstriyel temizlik, i\u015fyeri ve ev ila\u00e7lama hizmetleri, yat, tekne ve benzeri ki\u015fisel ya da kurumsal ama\u00e7l\u0131 aletlerin ve benzeri ekipmanlar\u0131n temizli\u011fidir.<\/p>\n<p>D\u0131\u015f Cephe ve Cam Temizli\u011fi<\/p>\n<p>Dorate&#8217;un en yetkin oldu\u011fu temizlik hizmetlerinin ba\u015f\u0131nda, d\u0131\u015f cephe ve cam temizli\u011fi gelmektedir.<\/p>\n<p>Bina ve camlar\u0131n geri d\u00f6n\u00fc\u015f\u00fc olmayan zararlara (korozyon) u\u011framamas\u0131 i\u00e7in y\u0131lda en az iki kez yap\u0131lmas\u0131 gereken bu temizlik t\u00fcr\u00fcnde Dorate, deneyimli ekibi ve optimal maliyetteki uygulamalar\u0131yla sekt\u00f6r\u00fcndeki \u00f6nc\u00fc firmalar aras\u0131nda yer almaktad\u0131r.<\/p>\n<p>\u00c7al\u0131\u015f\u0131lacak cephedeki malzeme \u00e7e\u015fidine (metal, cam) ve binan\u0131n yap\u0131s\u0131na (plaza, g\u00f6kdelen, y\u00fcksek bina) en uygun kimyasal ekipman\u0131 ve y\u00f6ntemi belirleyen Dorate, binan\u0131z i\u00e7in en do\u011fru \u00e7\u00f6z\u00fcm\u00fc size sunar.<\/p>\n<p>Gerekli sertifikalara (EN ve CE) sahip personel ve ekipmanla (tamam\u0131 ithal) bu alanda son derece g\u00fcvenli bir hizmet sunan Dorate&#8217;un sistemi sayesinde halihaz\u0131rda \u00e7al\u0131\u015fan personelin \u00e7al\u0131\u015fmalar\u0131na engel olunmaz.<\/p>\n<p>Emniyet sistemleri olduk\u00e7a kolay kurulup s\u00f6k\u00fclen ve zeminle (yerle) ba\u011f\u0131 olmadan i\u015fleyen sistemle, g\u00f6r\u00fcnt\u00fc ve g\u00fcr\u00fclt\u00fc kirlili\u011fine neden olmayan Dorate, d\u0131\u015f cephe ve cam temizli\u011finde kulland\u0131\u011f\u0131 t\u00fcm malzemeleri ISO 9001-2000 belgesine sahip \u00fcr\u00fcnlerden se\u00e7mektedir.<\/p>\n<p>End\u00fcstriyel Temizlik<\/p>\n<p>\u0130\u015f g\u00fcc\u00fc kayb\u0131ndan rahats\u0131z m\u0131s\u0131n\u0131z?<\/p>\n<p>Temiz bir fabrika veya hijyende en \u00fcst noktaya ula\u015fm\u0131\u015f bir hastane ortam\u0131yla verimlili\u011fin artaca\u011f\u0131n\u0131 m\u0131 d\u00fc\u015f\u00fc\u00fcyorsunuz?<\/p>\n<p>\u0130n\u015faat\u0131n\u0131z bitti; kaba ve ince temizli\u011fe mi ihtiyac\u0131n\u0131z var?<\/p>\n<p>Dorate ekiplerinin uzmanl\u0131\u011f\u0131, fabrika, hastane, in\u015faat ya da end\u00fcstriyel alan\u0131n\u0131z i\u00e7in en do\u011fru malzemeyle, en do\u011fru y\u00f6ntemi sunmak i\u00e7in sizinle tan\u0131\u015fmay\u0131 bekliyor.<\/p>\n<p>Hastanelerin, restoran ve kantin gibi temiz olmas\u0131 orunlu olan alanlar\u0131n hijyeninde; \u00fcretim alanlar\u0131n\u0131n genel temizli\u011fi, i\u015f makinelerinin bak\u0131m\u0131 ve ya\u011flardan ar\u0131nd\u0131r\u0131lmas\u0131nda, hastane, fabrika veya end\u00fcstri alan\u0131na ula\u015f\u0131m\u0131 sa\u011flayan ara\u00e7lar\u0131n temizli\u011finde g\u00fcvenilir ve profesyonel \u00e7\u00f6z\u00fcm i\u00e7in, siz de i\u015fi uzman\u0131na b\u0131rak\u0131n.<\/p>\n<p>Gelin, end\u00fcstriyel alan\u0131n\u0131z\u0131n temizli\u011fi i\u00e7in fizibilite ve ekspertiz \u00e7al\u0131\u015fmas\u0131n\u0131 Dorate yaps\u0131n, k\u0131sa s\u00fcrede artan verimlili\u011fi ve tasarrufu hemen fark edin.<\/p>\n<p>G\u00fcnl\u00fck Temizlik<\/p>\n<p>Sizin veya sevdiklerinizin her g\u00fcn en az bir defa zaman ge\u00e7irdi\u011fi halka a\u00e7\u0131k mekanlar, belki de temizli\u011fin en titizlikle ele al\u0131nmas\u0131 gereken yerlerdir.<\/p>\n<p>Okullar ve devlet kurumlar\u0131 gibi g\u00fcnl\u00fck temizlik gerektirenve hijyenin \u00e7ok \u00f6nemli oldu\u011fu ortamlar i\u00e7in Dorate, deneyimli ekipleri ve modern ekipmanlar\u0131yla ihtiya\u00e7 duydu\u011funuz sa\u011fl\u0131kl\u0131 ortam\u0131 size ve sevdiklerinize sunar.<\/p>\n<p>Okullar\u0131n temizli\u011fine \u00e7ocuklar\u0131m\u0131zdan dolay\u0131 ayr\u0131 bir \u00f6zenle yakla\u015fan Dorate, okullar\u0131n hem g\u00fcnl\u00fck periyodik, hem de yar\u0131 y\u0131l ve yaz tatillerindeki temizli\u011fi i\u00e7in uzman ekip hizmetinde bulunmaktad\u0131r.<\/p>\n<p>Ofis Temizli\u011fi<\/p>\n<p>\u0130\u015f alanlar\u0131n\u0131n temizli\u011fi i\u00e7in en g\u00fcvenilir, uzun soluklu ve kaliteli hizmetle Dorate sayesinde tan\u0131\u015fabilirsiniz.<\/p>\n<p>Ofisinizin \u00f6zelliklerini ve beklentilerinizi (Dorate ekibi dilerseniz, t\u00fcm temizlik malzemelerini beraberinde getirmektedir) belirtmeniz, hizmet verecek eleman say\u0131s\u0131n\u0131n ve y\u00f6ntemin belirlenmesinde yeterli olacakt\u0131r.<\/p>\n<p>Siz i\u015finize ve di\u011fer sorunlar\u0131n\u0131za g\u00f6n\u00fcl rahatl\u0131\u011f\u0131yla odaklanabilirsiniz; Dorate ekibi, sizi mutlu edecek hijyen ve sa\u011fl\u0131kl\u0131 ortam\u0131 ofisinizde olu\u015fturacakt\u0131r.<\/p>\n<p>% 100 Buhar, % 100 Hijyen, 0 Mikrop<\/p>\n<p>M\u00fc\u015fterilerine her zaman en son teknolojiyle hizmet veren Dorate, herhangi bir kimyasal \u00fcr\u00fcn kullan\u0131lmayan, insan sa\u011fl\u0131\u011f\u0131na ve \u00e7evreye zarar vermeyen buhar makineleri ile size en sa\u011fl\u0131kl\u0131 temizlik hizmetini sunar.<\/p>\n<p>Klasik temizlik y\u00f6ntemlerinden farkl\u0131 olarak, suyun 175 derecede buhara d\u00f6n\u00fc\u015fmesiyle daha etkili ve sa\u011fl\u0131kl\u0131 temizlik sa\u011flayan bu metotla; in\u015faat veya tadilat sonras\u0131 temizliklerde \u00e7\u0131kmayan boya ve kire\u00e7 art\u0131klar\u0131n\u0131n temizlenmesinde, end\u00fcstriyel makine temizli\u011finde, WC,banyo, mutfak gibi alanlarda buharl\u0131 dezenfekte i\u015flemi uygulamalar\u0131nda en iyi sonu\u00e7 al\u0131nmaktad\u0131r.[\/vc_column_text][\/vc_column][\/vc_row]<\/p>\n","protected":false},"excerpt":{"rendered":"<p>[vc_row][vc_column width=&#8221;1\/4&#8243;][vc_single_image image=&#8221;3731&#8243; img_size=&#8221;large&#8221; style=&#8221;vc_box_shadow_3d&#8221;][vc_single_image image=&#8221;3730&#8243; img_size=&#8221;large&#8221; style=&#8221;vc_box_shadow_3d&#8221;][vc_single_image image=&#8221;3729&#8243; img_size=&#8221;large&#8221; style=&#8221;vc_box_shadow_3d&#8221;][\/vc_column][vc_column width=&#8221;3\/4&#8243;][vc_custom_heading text=&#8221;A\u00c7IK VE KAPALI ALAN MALZEMEL\u0130 -MALZEMES\u0130Z TEM\u0130ZL\u0130K H\u0130ZMETLER\u0130 &#8221; google_fonts=&#8221;font_family:Montserrat%3Aregular%2C700|font_style:400%20regular%3A400%3Anormal&#8221;][vc_column_text] Kent temizli\u011fi Bina temizli\u011fi D\u0131\u015f cephe temizli\u011fi Bina i\u00e7i temizlik Duvar temizli\u011fi Zemin temizli\u011fi Ortak alanlar\u0131n temizli\u011fi Oda temizli\u011fi WC temizli\u011fi Hijyen Sterilizasyon Dorate&#8217;un Temizlik Anlay\u0131\u015f\u0131 Dorate i\u00e7in temizlik hizmetleri sadece hijyen sa\u011flamay\u0131 [&hellip;]<\/p>\n","protected":false},"author":1,"featured_media":0,"parent":3696,"menu_order":0,"comment_status":"closed","ping_status":"closed","template":"","meta":[],"_links":{"self":[{"href":"https:\/\/kayagrouptower.com.tr\/index.php?rest_route=\/wp\/v2\/pages\/3728"}],"collection":[{"href":"https:\/\/kayagrouptower.com.tr\/index.php?rest_route=\/wp\/v2\/pages"}],"about":[{"href":"https:\/\/kayagrouptower.com.tr\/index.php?rest_route=\/wp\/v2\/types\/page"}],"author":[{"embeddable":true,"href":"https:\/\/kayagrouptower.com.tr\/index.php?rest_route=\/wp\/v2\/users\/1"}],"replies":[{"embeddable":true,"href":"https:\/\/kayagrouptower.com.tr\/index.php?rest_route=%2Fwp%2Fv2%2Fcomments&post=3728"}],"version-history":[{"count":1,"href":"https:\/\/kayagrouptower.com.tr\/index.php?rest_route=\/wp\/v2\/pages\/3728\/revisions"}],"predecessor-version":[{"id":3732,"href":"https:\/\/kayagrouptower.com.tr\/index.php?rest_route=\/wp\/v2\/pages\/3728\/revisions\/3732"}],"up":[{"embeddable":true,"href":"https:\/\/kayagrouptower.com.tr\/index.php?rest_route=\/wp\/v2\/pages\/3696"}],"wp:attachment":[{"href":"https:\/\/kayagrouptower.com.tr\/index.php?rest_route=%2Fwp%2Fv2%2Fmedia&parent=3728"}],"curies":[{"name":"wp","href":"https:\/\/api.w.org\/{rel}","templated":true}]}}