{"id":3743,"date":"2016-11-26T04:49:37","date_gmt":"2016-11-26T04:49:37","guid":{"rendered":"http:\/\/kayagrouptower.com.tr\/?page_id=3743"},"modified":"2016-11-26T05:01:39","modified_gmt":"2016-11-26T05:01:39","slug":"hasta-kabul-saglik-hizmetleri","status":"publish","type":"page","link":"https:\/\/kayagrouptower.com.tr\/?page_id=3743","title":{"rendered":"Hasta Kabul &#8211; Sa\u011fl\u0131k Hizmetleri"},"content":{"rendered":"<p>[vc_row][vc_column width=&#8221;1\/4&#8243;][vc_single_image image=&#8221;3820&#8243; img_size=&#8221;large&#8221; style=&#8221;vc_box_rounded&#8221;][vc_single_image image=&#8221;3819&#8243; img_size=&#8221;large&#8221; style=&#8221;vc_box_rounded&#8221;][vc_single_image image=&#8221;3818&#8243; img_size=&#8221;large&#8221; style=&#8221;vc_box_rounded&#8221;][\/vc_column][vc_column width=&#8221;3\/4&#8243;][vc_custom_heading text=&#8221;Hasta kabul ve Sa\u011fl\u0131k Hizmetleri&#8221; google_fonts=&#8221;font_family:Montserrat%3Aregular%2C700|font_style:400%20regular%3A400%3Anormal&#8221;][vc_column_text]T\u0131bbi Sekreter, hasta giri\u015f i\u015flemlerinden ba\u015flayarak hastan\u0131n t\u00fcm s\u00fcre\u00e7lerini bilen ve kay\u0131t alt\u0131na alan ki\u015fidir.<\/p>\n<div>\n<div><\/div>\n<div>G\u00fcn\u00fcm\u00fcz\u00fcn en pop\u00fcler mesleklerinden birisi olan T\u0131bbi Sekreterlik (hasta kay\u0131t kabul) , sa\u011fl\u0131k kurumlar\u0131 say\u0131s\u0131n\u0131n giderek artmas\u0131yla \u00e7al\u0131\u015fma alan\u0131 olduk\u00e7a geni\u015flemi\u015f bir meslektir. \u00d6zel Polikliniklerden Devlet Hastanelerine, Muayenehanelerden \u00dcniversite hastanelerine kadar pek \u00e7ok sa\u011fl\u0131k kurumu bu alanda yeti\u015fmi\u015f personel ihtiyac\u0131 hissetmektedir.<\/div>\n<div><\/div>\n<div>Sa\u011fl\u0131k hizmeti veren kurum ve kurulu\u015flarda, hasta giri\u015f\/\u00e7\u0131k\u0131\u015f i\u015flemlerini, hastan\u0131n tedavi ve poliklinik hizmetleri s\u00fcrecindeki dok\u00fcmantasyon i\u015flemlerini evrak ve bilgisayar ortam\u0131nda kay\u0131t alt\u0131na alan, ar\u015fivleyen T\u0131bbi Sekreterler mutlaka a\u015fa\u011f\u0131daki \u00f6zellikleri ta\u015f\u0131mal\u0131d\u0131r.<\/div>\n<\/div>\n<p>[\/vc_column_text][\/vc_column][\/vc_row]<\/p>\n","protected":false},"excerpt":{"rendered":"<p>[vc_row][vc_column width=&#8221;1\/4&#8243;][vc_single_image image=&#8221;3820&#8243; img_size=&#8221;large&#8221; style=&#8221;vc_box_rounded&#8221;][vc_single_image image=&#8221;3819&#8243; img_size=&#8221;large&#8221; style=&#8221;vc_box_rounded&#8221;][vc_single_image image=&#8221;3818&#8243; img_size=&#8221;large&#8221; style=&#8221;vc_box_rounded&#8221;][\/vc_column][vc_column width=&#8221;3\/4&#8243;][vc_custom_heading text=&#8221;Hasta kabul ve Sa\u011fl\u0131k Hizmetleri&#8221; google_fonts=&#8221;font_family:Montserrat%3Aregular%2C700|font_style:400%20regular%3A400%3Anormal&#8221;][vc_column_text]T\u0131bbi Sekreter, hasta giri\u015f i\u015flemlerinden ba\u015flayarak hastan\u0131n t\u00fcm s\u00fcre\u00e7lerini bilen ve kay\u0131t alt\u0131na alan ki\u015fidir. G\u00fcn\u00fcm\u00fcz\u00fcn en pop\u00fcler mesleklerinden birisi olan T\u0131bbi Sekreterlik (hasta kay\u0131t kabul) , sa\u011fl\u0131k kurumlar\u0131 say\u0131s\u0131n\u0131n giderek artmas\u0131yla \u00e7al\u0131\u015fma alan\u0131 olduk\u00e7a geni\u015flemi\u015f bir meslektir. [&hellip;]<\/p>\n","protected":false},"author":1,"featured_media":0,"parent":0,"menu_order":0,"comment_status":"closed","ping_status":"closed","template":"","meta":[],"_links":{"self":[{"href":"https:\/\/kayagrouptower.com.tr\/index.php?rest_route=\/wp\/v2\/pages\/3743"}],"collection":[{"href":"https:\/\/kayagrouptower.com.tr\/index.php?rest_route=\/wp\/v2\/pages"}],"about":[{"href":"https:\/\/kayagrouptower.com.tr\/index.php?rest_route=\/wp\/v2\/types\/page"}],"author":[{"embeddable":true,"href":"https:\/\/kayagrouptower.com.tr\/index.php?rest_route=\/wp\/v2\/users\/1"}],"replies":[{"embeddable":true,"href":"https:\/\/kayagrouptower.com.tr\/index.php?rest_route=%2Fwp%2Fv2%2Fcomments&post=3743"}],"version-history":[{"count":1,"href":"https:\/\/kayagrouptower.com.tr\/index.php?rest_route=\/wp\/v2\/pages\/3743\/revisions"}],"predecessor-version":[{"id":3744,"href":"https:\/\/kayagrouptower.com.tr\/index.php?rest_route=\/wp\/v2\/pages\/3743\/revisions\/3744"}],"wp:attachment":[{"href":"https:\/\/kayagrouptower.com.tr\/index.php?rest_route=%2Fwp%2Fv2%2Fmedia&parent=3743"}],"curies":[{"name":"wp","href":"https:\/\/api.w.org\/{rel}","templated":true}]}}