{"id":3756,"date":"2016-11-26T05:14:38","date_gmt":"2016-11-26T05:14:38","guid":{"rendered":"http:\/\/kayagrouptower.com.tr\/?page_id=3756"},"modified":"2016-11-29T13:50:36","modified_gmt":"2016-11-29T13:50:36","slug":"arac-kiralama-hizmetleri","status":"publish","type":"page","link":"https:\/\/kayagrouptower.com.tr\/?page_id=3756","title":{"rendered":"Ara\u00e7 Kiralama Hizmetleri"},"content":{"rendered":"<p>[vc_row][vc_column width=&#8221;1\/4&#8243;][vc_single_image image=&#8221;3757&#8243; img_size=&#8221;large&#8221; style=&#8221;vc_box_rounded&#8221;][vc_single_image image=&#8221;3758&#8243; img_size=&#8221;large&#8221; style=&#8221;vc_box_rounded&#8221;][vc_single_image image=&#8221;3759&#8243; img_size=&#8221;large&#8221; style=&#8221;vc_box_rounded&#8221;][\/vc_column][vc_column width=&#8221;3\/4&#8243;][vc_custom_heading text=&#8221;Ara\u00e7 Kiralama Hizmetleri&#8221; google_fonts=&#8221;font_family:Montserrat%3Aregular%2C700|font_style:400%20regular%3A400%3Anormal&#8221;][vc_column_text]<b>Oto kiralama<\/b>, g\u00fcnl\u00fck kiralama ve uzun d\u00f6nem kiralama olarak ikiye ayr\u0131labilir. G\u00fcnl\u00fck kiralamada havalimanlar\u0131 ve turistik ama\u00e7lar a\u011f\u0131rl\u0131kl\u0131 olmaktad\u0131r. Uzun d\u00f6nemde ise firma kullan\u0131mlar\u0131 a\u011f\u0131rl\u0131kl\u0131d\u0131r. Uzun d\u00f6nem oto kiralaman\u0131n getirdi\u011fi mali avantajlar ve uygulama kolayl\u0131klar\u0131, firmalar taraf\u0131ndan yayg\u0131n bir \u015fekilde filo kiralama y\u00f6nteminin benimsenmesine neden olmu\u015ftur. Oto kiralama hizmeti veren kurulu\u015flar, uygulad\u0131klar\u0131 rezervasyon sistemleri ile hemen hemen d\u00fcnyadaki t\u00fcm havalanlar\u0131na ve \u015fehirlerine yay\u0131lm\u0131\u015f bir a\u011fa sahiptir.<\/p>\n<p>Oto kiralama konusunda bilinen ilk ofis 1946 y\u0131l\u0131nda Detroit havaalan\u0131nda Warren Avis taraf\u0131ndan kurulmu\u015ftur. Daha sonra Avis olarak franchise y\u00f6ntemiyle bu sistemi T\u00fcm d\u00fcnyaya yaym\u0131\u015ft\u0131r. Hertz, Budget, gibi di\u011fer \u00e7ok uluslu \u015firketlerin de kurulmas\u0131yla oto kiralama y\u00f6ntemi d\u00fcnya \u00f6l\u00e7e\u011finde kullan\u0131lmaya ba\u015flam\u0131\u015ft\u0131r. Uluslararas\u0131 firmalar\u0131n yan\u0131 s\u0131ra g\u00fcn\u00fcm\u00fczde arac\u0131\/broker firmalar birden \u00e7ok uluslararas\u0131 araba kiralama firmas\u0131 ile \u00e7al\u0131\u015farak d\u00fcnya \u00e7ap\u0131nda olanakl\u0131l\u0131k ve \u00e7e\u015fitlilik sa\u011flamaktad\u0131r.[\/vc_column_text][\/vc_column][\/vc_row]<\/p>\n","protected":false},"excerpt":{"rendered":"<p>[vc_row][vc_column width=&#8221;1\/4&#8243;][vc_single_image image=&#8221;3757&#8243; img_size=&#8221;large&#8221; style=&#8221;vc_box_rounded&#8221;][vc_single_image image=&#8221;3758&#8243; img_size=&#8221;large&#8221; style=&#8221;vc_box_rounded&#8221;][vc_single_image image=&#8221;3759&#8243; img_size=&#8221;large&#8221; style=&#8221;vc_box_rounded&#8221;][\/vc_column][vc_column width=&#8221;3\/4&#8243;][vc_custom_heading text=&#8221;Ara\u00e7 Kiralama Hizmetleri&#8221; google_fonts=&#8221;font_family:Montserrat%3Aregular%2C700|font_style:400%20regular%3A400%3Anormal&#8221;][vc_column_text]Oto kiralama, g\u00fcnl\u00fck kiralama ve uzun d\u00f6nem kiralama olarak ikiye ayr\u0131labilir. G\u00fcnl\u00fck kiralamada havalimanlar\u0131 ve turistik ama\u00e7lar a\u011f\u0131rl\u0131kl\u0131 olmaktad\u0131r. Uzun d\u00f6nemde ise firma kullan\u0131mlar\u0131 a\u011f\u0131rl\u0131kl\u0131d\u0131r. Uzun d\u00f6nem oto kiralaman\u0131n getirdi\u011fi mali avantajlar ve uygulama kolayl\u0131klar\u0131, firmalar taraf\u0131ndan yayg\u0131n bir \u015fekilde [&hellip;]<\/p>\n","protected":false},"author":1,"featured_media":0,"parent":3696,"menu_order":0,"comment_status":"closed","ping_status":"closed","template":"","meta":[],"_links":{"self":[{"href":"https:\/\/kayagrouptower.com.tr\/index.php?rest_route=\/wp\/v2\/pages\/3756"}],"collection":[{"href":"https:\/\/kayagrouptower.com.tr\/index.php?rest_route=\/wp\/v2\/pages"}],"about":[{"href":"https:\/\/kayagrouptower.com.tr\/index.php?rest_route=\/wp\/v2\/types\/page"}],"author":[{"embeddable":true,"href":"https:\/\/kayagrouptower.com.tr\/index.php?rest_route=\/wp\/v2\/users\/1"}],"replies":[{"embeddable":true,"href":"https:\/\/kayagrouptower.com.tr\/index.php?rest_route=%2Fwp%2Fv2%2Fcomments&post=3756"}],"version-history":[{"count":1,"href":"https:\/\/kayagrouptower.com.tr\/index.php?rest_route=\/wp\/v2\/pages\/3756\/revisions"}],"predecessor-version":[{"id":3760,"href":"https:\/\/kayagrouptower.com.tr\/index.php?rest_route=\/wp\/v2\/pages\/3756\/revisions\/3760"}],"up":[{"embeddable":true,"href":"https:\/\/kayagrouptower.com.tr\/index.php?rest_route=\/wp\/v2\/pages\/3696"}],"wp:attachment":[{"href":"https:\/\/kayagrouptower.com.tr\/index.php?rest_route=%2Fwp%2Fv2%2Fmedia&parent=3756"}],"curies":[{"name":"wp","href":"https:\/\/api.w.org\/{rel}","templated":true}]}}