{"id":3851,"date":"2016-11-30T11:00:22","date_gmt":"2016-11-30T11:00:22","guid":{"rendered":"http:\/\/kayagrouptower.com.tr\/?page_id=3851"},"modified":"2016-11-30T11:00:22","modified_gmt":"2016-11-30T11:00:22","slug":"sosyal-sorumluluk-hizmetleri","status":"publish","type":"page","link":"https:\/\/kayagrouptower.com.tr\/?page_id=3851","title":{"rendered":"Sosyal Sorumluluk Hizmetleri"},"content":{"rendered":"<p>[vc_row][vc_column width=&#8221;1\/4&#8243;][vc_single_image image=&#8221;3752&#8243; img_size=&#8221;large&#8221; style=&#8221;vc_box_rounded&#8221;][vc_single_image image=&#8221;3754&#8243; img_size=&#8221;large&#8221; style=&#8221;vc_box_rounded&#8221;][vc_single_image image=&#8221;3751&#8243; img_size=&#8221;large&#8221; style=&#8221;vc_box_rounded&#8221;][\/vc_column][vc_column width=&#8221;3\/4&#8243;][vc_custom_heading text=&#8221;Destek ve Y\u00f6nlendirme Hizmetleri&#8221; google_fonts=&#8221;font_family:Montserrat%3Aregular%2C700|font_style:400%20regular%3A400%3Anormal&#8221;][vc_column_text]<\/p>\n<ul>\n<li>Call Center \u2013 Help Desk Hizmetleri<\/li>\n<li>Kurulum Hizmetleri<\/li>\n<li>Merkezi Servis ve Destek Hizmetleri<\/li>\n<li>Yetkili Servis Merkezinde Servis ve Destek Hizmetleri<\/li>\n<li>Yerinde Servis ve Destek Hizmetleri<\/li>\n<li>Servis Seviyesi Anla\u015fmalar\u0131 (SLA)<\/li>\n<li>Kurumsal Servis ve Destek Hizmetleri<\/li>\n<li>Kurumsal M\u00fc\u015fteri Hizmetleri Y\u00f6netimi<\/li>\n<li>TSE Belgelendirme Y\u00f6netimi Hizmetleri<\/li>\n<li>Yurtd\u0131\u015f\u0131 \u00dcr\u00fcn Onar\u0131m ve Takip Hizmetleri (RMA)<\/li>\n<li>Teknik Dan\u0131\u015fmanl\u0131k Hizmetleri<\/li>\n<li>\u0130ade Y\u00f6netim Hizmetleri<\/li>\n<\/ul>\n<p>[\/vc_column_text][\/vc_column][\/vc_row]<\/p>\n","protected":false},"excerpt":{"rendered":"<p>[vc_row][vc_column width=&#8221;1\/4&#8243;][vc_single_image image=&#8221;3752&#8243; img_size=&#8221;large&#8221; style=&#8221;vc_box_rounded&#8221;][vc_single_image image=&#8221;3754&#8243; img_size=&#8221;large&#8221; style=&#8221;vc_box_rounded&#8221;][vc_single_image image=&#8221;3751&#8243; img_size=&#8221;large&#8221; style=&#8221;vc_box_rounded&#8221;][\/vc_column][vc_column width=&#8221;3\/4&#8243;][vc_custom_heading text=&#8221;Destek ve Y\u00f6nlendirme Hizmetleri&#8221; google_fonts=&#8221;font_family:Montserrat%3Aregular%2C700|font_style:400%20regular%3A400%3Anormal&#8221;][vc_column_text] Call Center \u2013 Help Desk Hizmetleri Kurulum Hizmetleri Merkezi Servis ve Destek Hizmetleri Yetkili Servis Merkezinde Servis ve Destek Hizmetleri Yerinde Servis ve Destek Hizmetleri Servis Seviyesi Anla\u015fmalar\u0131 (SLA) Kurumsal Servis ve Destek Hizmetleri Kurumsal M\u00fc\u015fteri Hizmetleri Y\u00f6netimi [&hellip;]<\/p>\n","protected":false},"author":1,"featured_media":0,"parent":0,"menu_order":0,"comment_status":"closed","ping_status":"closed","template":"","meta":[],"_links":{"self":[{"href":"https:\/\/kayagrouptower.com.tr\/index.php?rest_route=\/wp\/v2\/pages\/3851"}],"collection":[{"href":"https:\/\/kayagrouptower.com.tr\/index.php?rest_route=\/wp\/v2\/pages"}],"about":[{"href":"https:\/\/kayagrouptower.com.tr\/index.php?rest_route=\/wp\/v2\/types\/page"}],"author":[{"embeddable":true,"href":"https:\/\/kayagrouptower.com.tr\/index.php?rest_route=\/wp\/v2\/users\/1"}],"replies":[{"embeddable":true,"href":"https:\/\/kayagrouptower.com.tr\/index.php?rest_route=%2Fwp%2Fv2%2Fcomments&post=3851"}],"version-history":[{"count":1,"href":"https:\/\/kayagrouptower.com.tr\/index.php?rest_route=\/wp\/v2\/pages\/3851\/revisions"}],"predecessor-version":[{"id":3852,"href":"https:\/\/kayagrouptower.com.tr\/index.php?rest_route=\/wp\/v2\/pages\/3851\/revisions\/3852"}],"wp:attachment":[{"href":"https:\/\/kayagrouptower.com.tr\/index.php?rest_route=%2Fwp%2Fv2%2Fmedia&parent=3851"}],"curies":[{"name":"wp","href":"https:\/\/api.w.org\/{rel}","templated":true}]}}